{"id":2419,"date":"2024-06-20T12:42:23","date_gmt":"2024-06-20T10:42:23","guid":{"rendered":"https:\/\/hotelbeekhuizen.nl\/?page_id=2419"},"modified":"2025-07-16T11:42:49","modified_gmt":"2025-07-16T09:42:49","slug":"boutique-hotel-veluwe","status":"publish","type":"page","link":"https:\/\/hotelbeekhuizen.nl\/en\/boutique-hotel-veluwe\/","title":{"rendered":"Boutique hotel Veluwe"},"content":{"rendered":"<div  class=\"section section-pageheader-detail has-no-padding-bottom-d  is-default\">\n                    <div class=\"pageheader-socials\">\n                <div class=\"pageheader-socials-wrapper\">\n                                            <div class=\"social\">\n                            <a href=\"https:\/\/www.instagram.com\/boutique.hotel.beekhuizen\" target=\"_blank\" rel=\"noopener\">\n                                <i class=\"fa-brands fa-instagram\"><\/i>\n                            <\/a>\n                        <\/div>\n                                            <div class=\"social\">\n                            <a href=\"https:\/\/www.facebook.com\/boutiquehotelbeekhuizen\" target=\"_blank\" rel=\"noopener\">\n                                <i class=\"fa-brands fa-facebook-square\"><\/i>\n                            <\/a>\n                        <\/div>\n                                            <div class=\"social\">\n                            <a href=\"https:\/\/www.youtube.com\/@boutiquehotelbeekhuizen\" target=\"_blank\" rel=\"noopener\">\n                                <i class=\"fa-brands fa-youtube\"><\/i>\n                            <\/a>\n                        <\/div>\n                                            <div class=\"social\">\n                            <a href=\"https:\/\/nl.pinterest.com\/0cb4k1uauoayh3ca66blc61apq0hk7\/\" target=\"_blank\" rel=\"noopener\">\n                                <i class=\"fa-brands fa-pinterest\"><\/i>\n                            <\/a>\n                        <\/div>\n                                            <div class=\"social\">\n                            <a href=\"https:\/\/www.linkedin.com\/company\/37197991\/admin\/feed\/posts\/\" target=\"_blank\" rel=\"noopener\">\n                                <i class=\"fa-brands fa-linkedin-in\"><\/i>\n                            <\/a>\n                        <\/div>\n                                    <\/div>\n            <\/div>\n                <div class=\"pageheader-detail-wrapper\">\n            <div class=\"pageheader-detail\">\n                                    <img decoding=\"async\" src=\"https:\/\/hotelbeekhuizen.nl\/app\/uploads\/2024\/05\/Beekhuizen-3-augustus-2021-Studio-Charissa-13-1-scaled.jpg\" alt=\"Last minute Weekendje weg in Gelderland Hotel Beekhuizen\"\n                         class=\"background-image\">\n                \n                                <div class=\"pageheader-overlay\"><\/div>\n                <div class=\"pageheader-content\">\n                    <div class=\"pageheader-breadcrumbs\">\n                        <ul><li><a href=\"https:\/\/hotelbeekhuizen.nl\/en\" class=\"breadcrumb-item active\">Home<\/a><\/li><li class=\"separator\">><\/li><li class=\"breadcrumb-item\">Boutique hotel Veluwe<\/li><\/ul>                    <\/div>\n\n                                            <div class=\"pageheader-content-wrapper\">\n                            <h1>Hotel Veluwe<\/h1>\n\n                                                    <\/div>\n                    \n                                    <\/div>\n\n                                                                <\/div>\n        <\/div>\n                    <\/div>\n\n\n\n    <div  class=\"section section-image-content has-no-padding-top-d\">\n        <div class=\"container\">\n                            <div class=\"image-content-intro components-intro has-no-padding-left\">\n                    <h2>Overnachten te midden van de natuur<\/h2>\n                <\/div>\n                        <div class=\"image-content\">\n                <div class=\"content\">\n                    <div class=\"content-inner\">\n                                                    <p>Houd jij van de natuur? Maar ben je ook gesteld op luxe? Kom dan overnachten in ons <strong>hotel<\/strong> dicht bij de <strong>Veluwe<\/strong>. Bij Boutique Hotel Beekhuizen stap je na jouw heerlijke nacht in onze luxe bedden, vanaf jouw hotelkamer zo de natuur in. Ons boutique hotel wordt omringd door <a href=\"http:\/\/Boutique hotel\">Nationaal Park de Veluwezoom<\/a>. Dit is onderdeel van de Veluwe en bestaat uit meer dan 5.000 hectare natuur van ongekende schoonheid. Het landschap wordt gekenmerkt door heuvels, bossen, heidevelden, zandverstuivingen en landgoederen. De omgeving wordt bewoond door onder andere dassen, ree\u00ebn, wilde zwijnen en herten. Misschien maak je wel kans om ze allemaal te spotten vanuit jouw (junior)suite of lodge.<\/p>\n                        \n                                                    <div class=\"button-holder\">\n                                <a href=\"https:\/\/hotelbeekhuizen.nl\/en\/our-rooms\/\" target=\"_self\" class=\"button\">Book your stay<\/a>\n                            <\/div>\n                                            <\/div>\n                <\/div>\n\n                                    <div class=\"image\">\n                        <div class=\"image-wrapper\">\n                            <img decoding=\"async\" src=\"https:\/\/hotelbeekhuizen.nl\/app\/uploads\/2024\/04\/HotelBeekhuizen-CascadeLodge-004-scaled.jpg\" alt=\"\">\n                        <\/div>\n                    <\/div>\n                            <\/div>\n        <\/div>\n    <\/div>\n\n\n    <div  class=\"section section-image-content\">\n        <div class=\"container\">\n                            <div class=\"image-content-intro components-intro has-no-padding-left\">\n                    <h2>Luxe hotel dicht bij de Veluwe<\/h2>\n                <\/div>\n                        <div class=\"image-content\">\n                <div class=\"content\">\n                    <div class=\"content-inner\">\n                                                    <p>Boutique Hotel Beekhuizen is begin 2020 geopend en is een ontzettend trendy en luxe boutique hotel dicht bij de Veluwe met heerlijke (junior) suites of lodges. Vanuit een groot deel van deze lodges kijk je uit op het bos. De hotelkamers in ons luxe boutique hotel bevinden zich in het hoofdgebouw en poortgebouw. In het Bakhuis aan de overkant wordt u vriendelijk ontvangen door onze medewerkers. Daar geniet u van een heerlijk ontbijt, een goed glas wijn bij de houtkachel of een cappuccino in de serre uitkijkend over de beek. Ook is dit de ideale plek om ijsvogels te spotten. In onze Honesty Bar bieden wij verschillende hapjes en drankjes aan en werken we volgens het honestyprincipe: je houdt zelf bij wat je nuttigt.<\/p>\n                        \n                                            <\/div>\n                <\/div>\n\n                                    <div class=\"image\">\n                        <div class=\"image-wrapper\">\n                            <img decoding=\"async\" src=\"https:\/\/hotelbeekhuizen.nl\/app\/uploads\/2024\/06\/Hotel_Beekhuizen_Keuken.jpg\" alt=\"Hotel Beekhuizen op de Veluwe\">\n                        <\/div>\n                    <\/div>\n                            <\/div>\n        <\/div>\n    <\/div>\n\n\n    <div  class=\"section section-image-content\">\n        <div class=\"container\">\n                            <div class=\"image-content-intro components-intro has-no-padding-left\">\n                    <h2>De faciliteiten van ons Hotel dichtbij de Veluwe<\/h2>\n                <\/div>\n                        <div class=\"image-content\">\n                <div class=\"content\">\n                    <div class=\"content-inner\">\n                                                    <p>Bij Boutique Hotel Beekhuizen draait het om ontspanning, gemak en genieten. Begin je dag in alle rust in ons Bakhuis, waar je iedere ochtend kunt genieten van een <a href=\"https:\/\/hotelbeekhuizen.nl\/en\/faciliteit\/ontbijt\/\">vers ontbijt<\/a> en een kopje koffie. Heb je daarna zin om de prachtige omgeving te ontdekken? Vanuit het ons luxe hotel dicht bij de Veluwe stap je zo op een e-bike of versnellingsfiets, die je eenvoudig huurt bij onze receptie.<\/p>\n<p>De kinderen kunnen zich vermaken bij de <a href=\"https:\/\/hotelbeekhuizen.nl\/en\/faciliteit\/speelvoorzieningen\/\">speelvoorzieningen<\/a>, terwijl jij achteroverleunt in \u00e9\u00e9n van onze comfortabele loungestoelen in de tuin, m\u00e9t een drankje uit de <a href=\"https:\/\/hotelbeekhuizen.nl\/en\/faciliteit\/honestybar\/\">Honesty Bar<\/a>.<\/p>\n<p>Wil je gezellig gaan lunchen of dineren? Wij inspireren je graag met een overzicht van de beste culinaire hotspots in de omgeving. Of zin in iets extra\u2019s? We denken graag met je mee. Of het nu gaat om een fles bubbels, een goed gevulde borrelplank, een romantisch arrangement, feestelijke versiering of zelfs een whiskeyproeverij. We maken je verblijf graag bijzonder!<\/p>\n                        \n                                                    <div class=\"button-holder\">\n                                <a href=\"https:\/\/hotelbeekhuizen.nl\/en\/faciliteiten\/\" target=\"_self\" class=\"button\">Ontdek alle faciliteiten<\/a>\n                            <\/div>\n                                            <\/div>\n                <\/div>\n\n                                    <div class=\"image\">\n                        <div class=\"image-wrapper\">\n                            <img decoding=\"async\" src=\"https:\/\/hotelbeekhuizen.nl\/app\/uploads\/2024\/11\/Romantisch-pakket_licht-e1730976999205.jpg\" alt=\"Romantisch Hotel Veluwe\">\n                        <\/div>\n                    <\/div>\n                            <\/div>\n        <\/div>\n    <\/div>\n\n\n    <div  class=\"section section-rooms-slider\">\n        <div class=\"container\">\n                            <div class=\"rooms-slider-intro components-intro\">\n                    <h2>View our rooms<\/h2>\n<h4>En kom de omgeving ontdekken<\/h4>\n                <\/div>\n            \n                            <div class=\"rooms-slider-wrapper\">\n                    <div class=\"swiper-actions\">\n                        <div class=\"swiper-pagination rooms-slider-pagination\"><\/div>\n                        <div class=\"swiper-controls\">\n                            <div class=\"control prev rooms-slider-prev\"><i class=\"fa-solid fa-chevron-left\"><\/i><\/div>\n                            <div class=\"control next rooms-slider-next\"><i class=\"fa-solid fa-chevron-right\"><\/i><\/div>\n                        <\/div>\n                    <\/div>\n                    <div class=\"rooms-slider swiper\">\n                        <div class=\"swiper-wrapper\">\n                                                            <div class=\"swiper-slide card\">\n                                                                            <div class=\"card-image\">\n                                            <img decoding=\"async\" src=\"https:\/\/hotelbeekhuizen.nl\/app\/uploads\/2024\/04\/hotel-beekhuizen-Suite-Living-min-scaled.jpg\"\n                                                alt=\"Suite\" \/>\n                                        <\/div>\n                                                                        <div class=\"card-content\">\n                                        <div class=\"inner\">\n                                            <h3>Suite<\/h3>\n                                                                                            <p>Luxurious and spacious, with jacuzzi in the bathroom and a terrace overlooking the forest.<\/p>\n                                            \n                                            <div class=\"button-holder\">\n                                                <a class=\"button ghost\" href=\"https:\/\/hotelbeekhuizen.nl\/en\/kamers\/suite\/\">More information<\/a>\n\n                                                                                                        <a href=\"https:\/\/hotelbeekhuizen.nl\/en\/kamers\/suite\/\" class=\"button\">Check availability<\/a>\n                                                                                                                                                <\/div>\n                                        <\/div>\n                                    <\/div>\n                                <\/div>\n                                                            <div class=\"swiper-slide card\">\n                                                                            <div class=\"card-image\">\n                                            <img decoding=\"async\" src=\"https:\/\/hotelbeekhuizen.nl\/app\/uploads\/2024\/04\/hotel-beekhuizen-Loft13-1eangle-min-2-scaled.jpg\"\n                                                alt=\"Loft junior suite\" \/>\n                                        <\/div>\n                                                                        <div class=\"card-content\">\n                                        <div class=\"inner\">\n                                            <h3>Loft junior suite<\/h3>\n                                                                                            <p>Atmospheric loft, every (bath)room is a surprise, just like the interior.<\/p>\n                                            \n                                            <div class=\"button-holder\">\n                                                <a class=\"button ghost\" href=\"https:\/\/hotelbeekhuizen.nl\/en\/kamers\/loft-junior-suite\/\">More information<\/a>\n\n                                                                                                        <a href=\"https:\/\/hotelbeekhuizen.nl\/en\/kamers\/loft-junior-suite\/\" class=\"button\">Check availability<\/a>\n                                                                                                                                                <\/div>\n                                        <\/div>\n                                    <\/div>\n                                <\/div>\n                                                            <div class=\"swiper-slide card\">\n                                                                            <div class=\"card-image\">\n                                            <img decoding=\"async\" src=\"https:\/\/hotelbeekhuizen.nl\/app\/uploads\/2024\/04\/hotel-beekhuizen-Kamer5-Overview-min-2-scaled.jpg\"\n                                                alt=\"Junior suite with terrace\" \/>\n                                        <\/div>\n                                                                        <div class=\"card-content\">\n                                        <div class=\"inner\">\n                                            <h3>Junior suite with terrace<\/h3>\n                                                                                            <p>Spacious and luxurious, always a unique interior, let the (bath) room surprise you.<\/p>\n                                            \n                                            <div class=\"button-holder\">\n                                                <a class=\"button ghost\" href=\"https:\/\/hotelbeekhuizen.nl\/en\/kamers\/junior-suite-met-terras\/\">More information<\/a>\n\n                                                                                                        <a href=\"https:\/\/hotelbeekhuizen.nl\/en\/kamers\/junior-suite-met-terras\/\" class=\"button\">Check availability<\/a>\n                                                                                                                                                <\/div>\n                                        <\/div>\n                                    <\/div>\n                                <\/div>\n                                                    <\/div>\n                    <\/div>\n                <\/div>\n                    <\/div>\n    <\/div>\n\n\n    <div  class=\"section section-image-content\">\n        <div class=\"container\">\n                            <div class=\"image-content-intro components-intro has-no-padding-left\">\n                    <h2>Ontdek de unieke omgeving<\/h2>\n                <\/div>\n                        <div class=\"image-content\">\n                <div class=\"content\">\n                    <div class=\"content-inner\">\n                                                    <p>Vanaf het poortgebouw van ons hotel dicht bij de Veluwe loop je direct het bos in. Een korte wandeling brengt je stroomafwaarts langs de Beekhuizense beek naar de grote vijver met kleine waterval: een prachtige plek om even weg te dromen. In <a href=\"https:\/\/www.natuurmonumenten.nl\/natuurgebieden\/nationaal-park-veluwezoom\" target=\"_blank\" rel=\"noopener\">Veluwezoom National Park <\/a>vind je 350 kilometer aan wandel-, fiets- en ruiterpaden en kom je erg afwisselende landschappen tegen. Ons boutique hotel is de ideale uitvalsbasis om de natuur in te gaan!<\/p>\n<p>Ben jij enthousiast geworden van ons boutique <em>hotel<\/em>\u00a0bij de<em> Veluwe<\/em>? Reserveren kan eenvoudig en snel online. Voor vragen kun je altijd contact met ons opnemen via +31 (0)26 20 20 122 of info@hotelbeekhuizen.nl<\/p>\n                        \n                                                    <div class=\"button-holder\">\n                                <a href=\"https:\/\/hotelbeekhuizen.nl\/en\/our-rooms\/\" target=\"_self\" class=\"button\">Book your stay<\/a>\n                            <\/div>\n                                            <\/div>\n                <\/div>\n\n                                    <div class=\"image\">\n                        <div class=\"image-wrapper\">\n                            <img decoding=\"async\" src=\"https:\/\/hotelbeekhuizen.nl\/app\/uploads\/2024\/04\/Beekhuizen-1-juni-2023-Studio-Charissa-31-scaled.jpg\" alt=\"Boutique Hotel Beekhuizen\">\n                        <\/div>\n                    <\/div>\n                            <\/div>\n        <\/div>\n    <\/div>","protected":false},"excerpt":{"rendered":"","protected":false},"author":4,"featured_media":0,"parent":0,"menu_order":71,"comment_status":"closed","ping_status":"closed","template":"","meta":{"_acf_changed":false,"footnotes":""},"class_list":["post-2419","page","type-page","status-publish","hentry"],"acf":[],"_links":{"self":[{"href":"https:\/\/hotelbeekhuizen.nl\/en\/wp-json\/wp\/v2\/pages\/2419","targetHints":{"allow":["GET"]}}],"collection":[{"href":"https:\/\/hotelbeekhuizen.nl\/en\/wp-json\/wp\/v2\/pages"}],"about":[{"href":"https:\/\/hotelbeekhuizen.nl\/en\/wp-json\/wp\/v2\/types\/page"}],"author":[{"embeddable":true,"href":"https:\/\/hotelbeekhuizen.nl\/en\/wp-json\/wp\/v2\/users\/4"}],"replies":[{"embeddable":true,"href":"https:\/\/hotelbeekhuizen.nl\/en\/wp-json\/wp\/v2\/comments?post=2419"}],"version-history":[{"count":5,"href":"https:\/\/hotelbeekhuizen.nl\/en\/wp-json\/wp\/v2\/pages\/2419\/revisions"}],"predecessor-version":[{"id":3540,"href":"https:\/\/hotelbeekhuizen.nl\/en\/wp-json\/wp\/v2\/pages\/2419\/revisions\/3540"}],"wp:attachment":[{"href":"https:\/\/hotelbeekhuizen.nl\/en\/wp-json\/wp\/v2\/media?parent=2419"}],"curies":[{"name":"wp","href":"https:\/\/api.w.org\/{rel}","templated":true}]}}