{"id":3396,"date":"2025-05-06T15:37:47","date_gmt":"2025-05-06T13:37:47","guid":{"rendered":"https:\/\/hotelbeekhuizen.nl\/?page_id=3396"},"modified":"2025-05-06T15:37:48","modified_gmt":"2025-05-06T13:37:48","slug":"overnachten-in-arnhem","status":"publish","type":"page","link":"https:\/\/hotelbeekhuizen.nl\/de\/overnachten-in-arnhem\/","title":{"rendered":"Overnachten in Arnhem"},"content":{"rendered":"<div  class=\"section section-pageheader-detail has-no-padding-bottom-d  is-default\">\n                    <div class=\"pageheader-socials\">\n                <div class=\"pageheader-socials-wrapper\">\n                                            <div class=\"social\">\n                            <a href=\"https:\/\/www.instagram.com\/boutique.hotel.beekhuizen\" target=\"_blank\" rel=\"noopener\">\n                                <i class=\"fa-brands fa-instagram\"><\/i>\n                            <\/a>\n                        <\/div>\n                                            <div class=\"social\">\n                            <a href=\"https:\/\/www.facebook.com\/boutiquehotelbeekhuizen\" target=\"_blank\" rel=\"noopener\">\n                                <i class=\"fa-brands fa-facebook-square\"><\/i>\n                            <\/a>\n                        <\/div>\n                                            <div class=\"social\">\n                            <a href=\"https:\/\/www.youtube.com\/@boutiquehotelbeekhuizen\" target=\"_blank\" rel=\"noopener\">\n                                <i class=\"fa-brands fa-youtube\"><\/i>\n                            <\/a>\n                        <\/div>\n                                            <div class=\"social\">\n                            <a href=\"https:\/\/nl.pinterest.com\/0cb4k1uauoayh3ca66blc61apq0hk7\/\" target=\"_blank\" rel=\"noopener\">\n                                <i class=\"fa-brands fa-pinterest\"><\/i>\n                            <\/a>\n                        <\/div>\n                                            <div class=\"social\">\n                            <a href=\"https:\/\/www.linkedin.com\/company\/37197991\/admin\/feed\/posts\/\" target=\"_blank\" rel=\"noopener\">\n                                <i class=\"fa-brands fa-linkedin-in\"><\/i>\n                            <\/a>\n                        <\/div>\n                                    <\/div>\n            <\/div>\n                <div class=\"pageheader-detail-wrapper\">\n            <div class=\"pageheader-detail\">\n                                    <img decoding=\"async\" src=\"https:\/\/hotelbeekhuizen.nl\/app\/uploads\/2024\/05\/Beekhuizen-3-augustus-2021-Studio-Charissa-13-1-scaled.jpg\" alt=\"Last minute Weekendje weg in Gelderland Hotel Beekhuizen\"\n                         class=\"background-image\">\n                \n                                <div class=\"pageheader-overlay\"><\/div>\n                <div class=\"pageheader-content\">\n                    <div class=\"pageheader-breadcrumbs\">\n                        <ul><li><a href=\"https:\/\/hotelbeekhuizen.nl\/de\" class=\"breadcrumb-item active\">Startseite<\/a><\/li><li class=\"separator\">><\/li><li class=\"breadcrumb-item\">Overnachten in Arnhem<\/li><\/ul>                    <\/div>\n\n                                            <div class=\"pageheader-content-wrapper\">\n                            <h1>Overnachten Arnhem<\/h1>\n\n                                                    <\/div>\n                    \n                                    <\/div>\n\n                                                                <\/div>\n        <\/div>\n                    <\/div>\n\n\n\n    <div  class=\"section section-image-content has-no-padding-top-d\">\n        <div class=\"container\">\n                            <div class=\"image-content-intro components-intro has-no-padding-left\">\n                    <h2>Overnachten in Arnhem<\/h2>\n                <\/div>\n                        <div class=\"image-content\">\n                <div class=\"content\">\n                    <div class=\"content-inner\">\n                                                    <p>Ben jij op zoek naar een bijzondere plek om te <strong>overnachten in Arnhem<\/strong>? Ontdek de charme van Boutique Hotel Beekhuizen. In dit sfeervolle hotel kun je de rust en natuur combineren met de levendigheid van Arnhem.<\/p>\n                        \n                                                    <div class=\"button-holder\">\n                                <a href=\"https:\/\/hotelbeekhuizen.nl\/de\/unsere-zimmer\/\" target=\"_self\" class=\"button\">Zoek &#038; boek een accomodatie<\/a>\n                            <\/div>\n                                            <\/div>\n                <\/div>\n\n                                    <div class=\"image\">\n                        <div class=\"image-wrapper\">\n                            <img decoding=\"async\" src=\"https:\/\/hotelbeekhuizen.nl\/app\/uploads\/2024\/05\/hotel-beekhuizen-Kamer5-Overview-min-scaled.jpg\" alt=\"\">\n                        <\/div>\n                    <\/div>\n                            <\/div>\n        <\/div>\n    <\/div>\n\n\n    <div  class=\"section section-image-content\">\n        <div class=\"container\">\n                            <div class=\"image-content-intro components-intro has-no-padding-left\">\n                    <h2>Sfeervol overnachten in een groene omgeving<\/h2>\n                <\/div>\n                        <div class=\"image-content\">\n                <div class=\"content\">\n                    <div class=\"content-inner\">\n                                                    <p><a href=\"https:\/\/hotelbeekhuizen.nl\/de\/unsere-zimmer\/\">Onze lodges en (junior) suites <\/a>bieden alles wat je nodig hebt voor een comfortabel en ontspannen verblijf. Elke kamer is stijlvol ingericht en heeft uitzicht op het omliggende groen. Met ruim 22 (junior) suites en lodges is er altijd wel een kamer die perfect past bij jullie. Deze zijn gelegen in het hoofdgebouw en poortgebouw. In het gezellige Bakhuis tegenover vind je de plek voor het ontbijt, de zithoek en de serre met terras.<\/p>\n                        \n                                                    <div class=\"button-holder\">\n                                <a href=\"https:\/\/hotelbeekhuizen.nl\/de\/unsere-zimmer\/\" target=\"_self\" class=\"button\">Buchen Sie Ihren Aufenthalt<\/a>\n                            <\/div>\n                                            <\/div>\n                <\/div>\n\n                                    <div class=\"image\">\n                        <div class=\"image-wrapper\">\n                            <img decoding=\"async\" src=\"https:\/\/hotelbeekhuizen.nl\/app\/uploads\/2024\/08\/1W5A7495-Enhanced-NR-1.jpg\" alt=\"\">\n                        <\/div>\n                    <\/div>\n                            <\/div>\n        <\/div>\n    <\/div>\n\n\n    <div  class=\"section section-image-content\">\n        <div class=\"container\">\n                            <div class=\"image-content-intro components-intro has-no-padding-left\">\n                    <h2>Combineer natuur, stad en comfort<\/h2>\n                <\/div>\n                        <div class=\"image-content\">\n                <div class=\"content\">\n                    <div class=\"content-inner\">\n                                                    <p>Boutique Hotel Beekhuize in Velp en dat betekent de perfecte combinatie van natuur, cultuur en ontspanning. Ontdek de stad met haar rijke geschiedenis, boetiekjes en culinaire hotspots. Bezoek verschillende musea zoals het <a href=\"https:\/\/www.openluchtmuseum.nl\/\" target=\"_blank\" rel=\"noopener\">Openluchtmuseum<\/a> en het creatieve <a href=\"https:\/\/binnenstadarnhem.nl\/modekwartier\/\" target=\"_blank\" rel=\"noopener\">Modekwartier<\/a> of beleef een hele dag tussen de dieren in <a href=\"https:\/\/www.burgerszoo.nl\/\" target=\"_blank\" rel=\"noopener\">Burgers\u2019 Zoo<\/a>. Boutique Hotel Beekhuizen vormt daarbij een rustige en sfeervolle uitvalsbasis net buiten de stadsdrukte.<\/p>\n<p>Voor wie toe is aan ontspanning biedt de Honesty Bar een warme en huiselijke sfeer. De Honesty Bar is gelegen in het Bakhuis en hier geniet je elk moment van de dag van luxe koffie, thee, verrassende wijnen, lokale bieren, alcoholvrije drankjes, (gekoelde) snacks en lokale producten. Deze gezellige ruimte is perfect om samen te ontspannen en te genieten van elkaars gezelschap.<\/p>\n                        \n                                                    <div class=\"button-holder\">\n                                <a href=\"https:\/\/hotelbeekhuizen.nl\/de\/omgeving\/\" target=\"_blank\" class=\"button\">Erkunde die Umgebung<\/a>\n                            <\/div>\n                                            <\/div>\n                <\/div>\n\n                                    <div class=\"image\">\n                        <div class=\"image-wrapper\">\n                            <img decoding=\"async\" src=\"https:\/\/hotelbeekhuizen.nl\/app\/uploads\/2024\/05\/7straatjes03-2.jpg\" alt=\"\">\n                        <\/div>\n                    <\/div>\n                            <\/div>\n        <\/div>\n    <\/div>\n\n\n    <div  class=\"section section-image-content\">\n        <div class=\"container\">\n                            <div class=\"image-content-intro components-intro has-no-padding-left\">\n                    <h2>Kom overnachten in Arnhem<\/h2>\n                <\/div>\n                        <div class=\"image-content\">\n                <div class=\"content\">\n                    <div class=\"content-inner\">\n                                                    <p>Wil jij <em>overnachten in Arnhem<\/em> op een unieke plek midden in de natuur? Wacht niet langer en reserveer direct jullie verblijf bij Boutique Hotel Beekhuizen om jezelf te verzekeren van een unieke overnachting.<\/p>\n<p>Reserveer eenvoudig online of neem contact met ons op via +31 26 20 20 122 of stuur een e-mail naar <a href=\"mailto:info@hotelbeekhuizen.nl\">info@hotelbeekhuizen.nl<\/a>.<\/p>\n                        \n                                                    <div class=\"button-holder\">\n                                <a href=\"https:\/\/hotelbeekhuizen.nl\/de\/ubernachten\/\" target=\"_self\" class=\"button\">Buchen Sie Ihren Aufenthalt<\/a>\n                            <\/div>\n                                            <\/div>\n                <\/div>\n\n                                    <div class=\"image\">\n                        <div class=\"image-wrapper\">\n                            <img decoding=\"async\" src=\"https:\/\/hotelbeekhuizen.nl\/app\/uploads\/2024\/06\/538407931.jpg\" alt=\"Weekendje weg Veluwe Boutique Hotel Beekhuizen\">\n                        <\/div>\n                    <\/div>\n                            <\/div>\n        <\/div>\n    <\/div>\n\n\n    <div  class=\"section section-rooms-slider\">\n        <div class=\"container\">\n                            <div class=\"rooms-slider-intro components-intro\">\n                    <h2>Samen genieten in Arnhem<\/h2>\n<h4>Unsere Zimmer<\/h4>\n                <\/div>\n            \n                            <div class=\"rooms-slider-wrapper\">\n                    <div class=\"swiper-actions\">\n                        <div class=\"swiper-pagination rooms-slider-pagination\"><\/div>\n                        <div class=\"swiper-controls\">\n                            <div class=\"control prev rooms-slider-prev\"><i class=\"fa-solid fa-chevron-left\"><\/i><\/div>\n                            <div class=\"control next rooms-slider-next\"><i class=\"fa-solid fa-chevron-right\"><\/i><\/div>\n                        <\/div>\n                    <\/div>\n                    <div class=\"rooms-slider swiper\">\n                        <div class=\"swiper-wrapper\">\n                                                            <div class=\"swiper-slide card\">\n                                                                            <div class=\"card-image\">\n                                            <img decoding=\"async\" src=\"https:\/\/hotelbeekhuizen.nl\/app\/uploads\/2024\/04\/hotel-beekhuizen-Suite-Living-min-scaled.jpg\"\n                                                alt=\"Suite\" \/>\n                                        <\/div>\n                                                                        <div class=\"card-content\">\n                                        <div class=\"inner\">\n                                            <h3>Suite<\/h3>\n                                                                                            <p>Luxuri\u00f6se und ger\u00e4umige Suite, mit Jacuzzi im Badezimmer und einer Terrasse mit Blick auf den Wald.<\/p>\n                                            \n                                            <div class=\"button-holder\">\n                                                <a class=\"button ghost\" href=\"https:\/\/hotelbeekhuizen.nl\/de\/kamers\/suite\/\">Mehr Informationen<\/a>\n\n                                                                                                        <a href=\"https:\/\/hotelbeekhuizen.nl\/de\/kamers\/suite\/\" class=\"button\">Verf\u00fcgbarkeit pr\u00fcfen<\/a>\n                                                                                                                                                <\/div>\n                                        <\/div>\n                                    <\/div>\n                                <\/div>\n                                                            <div class=\"swiper-slide card\">\n                                                                            <div class=\"card-image\">\n                                            <img decoding=\"async\" src=\"https:\/\/hotelbeekhuizen.nl\/app\/uploads\/2024\/04\/hotel-beekhuizen-Loft13-1eangle-min-2-scaled.jpg\"\n                                                alt=\"Loft junior suite\" \/>\n                                        <\/div>\n                                                                        <div class=\"card-content\">\n                                        <div class=\"inner\">\n                                            <h3>Loft junior suite<\/h3>\n                                                                                            <p>Atmosph\u00e4rische Loft mit \u00fcberraschendes Badezimmer und stylischer Innenausstattung.<\/p>\n                                            \n                                            <div class=\"button-holder\">\n                                                <a class=\"button ghost\" href=\"https:\/\/hotelbeekhuizen.nl\/de\/kamers\/loft-junior-suite\/\">Mehr Informationen<\/a>\n\n                                                                                                        <a href=\"https:\/\/hotelbeekhuizen.nl\/de\/kamers\/loft-junior-suite\/\" class=\"button\">Verf\u00fcgbarkeit pr\u00fcfen<\/a>\n                                                                                                                                                <\/div>\n                                        <\/div>\n                                    <\/div>\n                                <\/div>\n                                                            <div class=\"swiper-slide card\">\n                                                                            <div class=\"card-image\">\n                                            <img decoding=\"async\" src=\"https:\/\/hotelbeekhuizen.nl\/app\/uploads\/2024\/04\/hotel-beekhuizen-Kamer5-Overview-min-2-scaled.jpg\"\n                                                alt=\"Junior Suite mit Terrasse\" \/>\n                                        <\/div>\n                                                                        <div class=\"card-content\">\n                                        <div class=\"inner\">\n                                            <h3>Junior Suite mit Terrasse<\/h3>\n                                                                                            <p>Ger\u00e4umige und luxuri\u00f6se Junior Suite mit immer wieder \u00fcberraschender Interieurs und einzigartiges Badezimmer.<\/p>\n                                            \n                                            <div class=\"button-holder\">\n                                                <a class=\"button ghost\" href=\"https:\/\/hotelbeekhuizen.nl\/de\/kamers\/junior-suite-met-terras\/\">Mehr Informationen<\/a>\n\n                                                                                                        <a href=\"https:\/\/hotelbeekhuizen.nl\/de\/kamers\/junior-suite-met-terras\/\" class=\"button\">Verf\u00fcgbarkeit pr\u00fcfen<\/a>\n                                                                                                                                                <\/div>\n                                        <\/div>\n                                    <\/div>\n                                <\/div>\n                                                    <\/div>\n                    <\/div>\n                <\/div>\n                    <\/div>\n    <\/div>","protected":false},"excerpt":{"rendered":"","protected":false},"author":5,"featured_media":0,"parent":0,"menu_order":39,"comment_status":"closed","ping_status":"closed","template":"","meta":{"_acf_changed":false,"footnotes":""},"class_list":["post-3396","page","type-page","status-publish","hentry"],"acf":[],"_links":{"self":[{"href":"https:\/\/hotelbeekhuizen.nl\/de\/wp-json\/wp\/v2\/pages\/3396","targetHints":{"allow":["GET"]}}],"collection":[{"href":"https:\/\/hotelbeekhuizen.nl\/de\/wp-json\/wp\/v2\/pages"}],"about":[{"href":"https:\/\/hotelbeekhuizen.nl\/de\/wp-json\/wp\/v2\/types\/page"}],"author":[{"embeddable":true,"href":"https:\/\/hotelbeekhuizen.nl\/de\/wp-json\/wp\/v2\/users\/5"}],"replies":[{"embeddable":true,"href":"https:\/\/hotelbeekhuizen.nl\/de\/wp-json\/wp\/v2\/comments?post=3396"}],"version-history":[{"count":6,"href":"https:\/\/hotelbeekhuizen.nl\/de\/wp-json\/wp\/v2\/pages\/3396\/revisions"}],"predecessor-version":[{"id":3692,"href":"https:\/\/hotelbeekhuizen.nl\/de\/wp-json\/wp\/v2\/pages\/3396\/revisions\/3692"}],"wp:attachment":[{"href":"https:\/\/hotelbeekhuizen.nl\/de\/wp-json\/wp\/v2\/media?parent=3396"}],"curies":[{"name":"wp","href":"https:\/\/api.w.org\/{rel}","templated":true}]}}