{"id":2341,"date":"2024-06-20T11:46:59","date_gmt":"2024-06-20T09:46:59","guid":{"rendered":"https:\/\/hotelbeekhuizen.nl\/?page_id=2341"},"modified":"2026-01-06T13:32:11","modified_gmt":"2026-01-06T12:32:11","slug":"weekendje-weg-veluwe","status":"publish","type":"page","link":"https:\/\/hotelbeekhuizen.nl\/de\/weekendje-weg-veluwe\/","title":{"rendered":"Weekendje weg Veluwe"},"content":{"rendered":"<div  class=\"section section-pageheader-detail has-no-padding-bottom-d  is-default\">\n                    <div class=\"pageheader-socials\">\n                <div class=\"pageheader-socials-wrapper\">\n                                            <div class=\"social\">\n                            <a href=\"https:\/\/www.instagram.com\/boutique.hotel.beekhuizen\" target=\"_blank\" rel=\"noopener\">\n                                <i class=\"fa-brands fa-instagram\"><\/i>\n                            <\/a>\n                        <\/div>\n                                            <div class=\"social\">\n                            <a href=\"https:\/\/www.facebook.com\/boutiquehotelbeekhuizen\" target=\"_blank\" rel=\"noopener\">\n                                <i class=\"fa-brands fa-facebook-square\"><\/i>\n                            <\/a>\n                        <\/div>\n                                            <div class=\"social\">\n                            <a href=\"https:\/\/www.youtube.com\/@boutiquehotelbeekhuizen\" target=\"_blank\" rel=\"noopener\">\n                                <i class=\"fa-brands fa-youtube\"><\/i>\n                            <\/a>\n                        <\/div>\n                                            <div class=\"social\">\n                            <a href=\"https:\/\/nl.pinterest.com\/0cb4k1uauoayh3ca66blc61apq0hk7\/\" target=\"_blank\" rel=\"noopener\">\n                                <i class=\"fa-brands fa-pinterest\"><\/i>\n                            <\/a>\n                        <\/div>\n                                            <div class=\"social\">\n                            <a href=\"https:\/\/www.linkedin.com\/company\/37197991\/admin\/feed\/posts\/\" target=\"_blank\" rel=\"noopener\">\n                                <i class=\"fa-brands fa-linkedin-in\"><\/i>\n                            <\/a>\n                        <\/div>\n                                    <\/div>\n            <\/div>\n                <div class=\"pageheader-detail-wrapper\">\n            <div class=\"pageheader-detail\">\n                                    <img decoding=\"async\" src=\"https:\/\/hotelbeekhuizen.nl\/app\/uploads\/2024\/05\/Beekhuizen-3-augustus-2021-Studio-Charissa-13-1-scaled.jpg\" alt=\"Last minute Weekendje weg in Gelderland Hotel Beekhuizen\"\n                         class=\"background-image\">\n                \n                                <div class=\"pageheader-overlay\"><\/div>\n                <div class=\"pageheader-content\">\n                    <div class=\"pageheader-breadcrumbs\">\n                        <ul><li><a href=\"https:\/\/hotelbeekhuizen.nl\/de\" class=\"breadcrumb-item active\">Startseite<\/a><\/li><li class=\"separator\">><\/li><li class=\"breadcrumb-item\">Weekendje weg Veluwe<\/li><\/ul>                    <\/div>\n\n                                            <div class=\"pageheader-content-wrapper\">\n                            <h1>Weekendje weg Veluwe<\/h1>\n\n                                                    <\/div>\n                    \n                                    <\/div>\n\n                                                                <\/div>\n        <\/div>\n                    <\/div>\n\n\n\n    <div  class=\"section section-image-content has-no-padding-top-d\">\n        <div class=\"container\">\n                            <div class=\"image-content-intro components-intro has-no-padding-left\">\n                    <h2>Weekendje weg op de Veluwe<\/h2>\n<h4>Boutique Hotel Beekhuizen als uitvalsbasis<\/h4>\n                <\/div>\n                        <div class=\"image-content\">\n                <div class=\"content\">\n                    <div class=\"content-inner\">\n                                                    <p>Welkom bij Boutique Hotel Beekhuizen, het perfecte boutique hotel voor jouw <strong>weekendje weg op de Veluwe<\/strong>. Gelegen midden in <a href=\"https:\/\/www.natuurmonumenten.nl\/bezoekerscentrum-veluwezoom\" target=\"_blank\" rel=\"noopener\">Nationaal Park de Veluwezoom<\/a>, biedt ons hotel een prachtige combinatie van luxe <a href=\"https:\/\/hotelbeekhuizen.nl\/de\/unsere-zimmer\/\">accommodaties<\/a> en de betoverende natuurlijke omgeving. Of je nu op zoek bent naar avontuurlijke activiteiten of juist naar ontspanning te midden van de natuur, bij Boutique Hotel Beekhuizen vind je alles wat je nodig hebt voor een onvergetelijk verblijf.<\/p>\n<h3>Boutique Hotel Beekhuizen: rustig gelegen in de natuur<\/h3>\n<p>Ons kleinschalige hotel is jouw ideale uitvalsbasis voor een weekendje weg op de Veluwe. Met een prachtige ligging in Nationaal Park de Veluwezoom en de nabijheid van de Hoge Veluwe, bieden wij een unieke ervaring voor natuurliefhebbers. Vanuit jouw (junior)suite of hotellodge heb je een adembenemend uitzicht op het omringende landschap, waar heuvels, bossen, heidevelden en landgoederen elkaar afwisselen. Wie weet spot je zelfs wilde dieren zoals dassen, ree\u00ebn, wilde zwijnen en herten recht voor jouw raam. Boek nu jouw overnachting en geniet van een <a href=\"https:\/\/hotelbeekhuizen.nl\/de\/romantisch-luxe-weekend-weg\/\">weekendje weg<\/a>\u00a0op de Veluwe.<\/p>\n<p>&nbsp;<\/p>\n                        \n                                                    <div class=\"button-holder\">\n                                <a href=\"https:\/\/hotelbeekhuizen.nl\/de\/unsere-zimmer\/\" target=\"_self\" class=\"button\">Buchen Sie Ihren Aufenthalt<\/a>\n                            <\/div>\n                                            <\/div>\n                <\/div>\n\n                                    <div class=\"image\">\n                        <div class=\"image-wrapper\">\n                            <img decoding=\"async\" src=\"https:\/\/hotelbeekhuizen.nl\/app\/uploads\/2024\/04\/Hotel_Beekhuizen_Keuken.jpg\" alt=\"Afbeelding van een keuken\">\n                        <\/div>\n                    <\/div>\n                            <\/div>\n        <\/div>\n    <\/div>\n\n\n    <div  class=\"section section-image-content\">\n        <div class=\"container\">\n                            <div class=\"image-content-intro components-intro has-no-padding-left\">\n                    <h2>Ontdek Nationaal Park de Veluwezoom<\/h2>\n                <\/div>\n                        <div class=\"image-content\">\n                <div class=\"content\">\n                    <div class=\"content-inner\">\n                                                    <p>Nationaal Park de Veluwezoom is een waar paradijs voor outdoorliefhebbers, ideaal voor een <a href=\"https:\/\/hotelbeekhuizen.nl\/de\/weekendje-weg-in-de-natuur\/\">weekendje weg in de natuur.<\/a> Met meer dan 5.000 hectare aan ongerepte natuur biedt dit gebied een overvloed aan mogelijkheden voor wandelaars, fietsers, ruiters en mountainbikers. De Veluwezoom staat bekend om zijn unieke reli\u00ebf, met een variatie aan hoogtes die je nergens anders op de Veluwe vindt. Vanaf de welbekende Posbank heb je bij helder weer zelfs zicht tot in Duitsland. Vergeet niet om je camera mee te nemen tijdens jouw weekendje weg op de Veluwe, want de kans is groot dat je onderweg de majestueuze Schotse hooglanders tegenkomt.<\/p>\n<p>&nbsp;<\/p>\n                        \n                                                    <div class=\"button-holder\">\n                                <a href=\"https:\/\/hotelbeekhuizen.nl\/de\/unsere-zimmer\/\" target=\"_self\" class=\"button\">Buchen Sie Ihren Aufenthalt<\/a>\n                            <\/div>\n                                            <\/div>\n                <\/div>\n\n                                    <div class=\"image\">\n                        <div class=\"image-wrapper\">\n                            <img decoding=\"async\" src=\"https:\/\/hotelbeekhuizen.nl\/app\/uploads\/2024\/06\/1W5A4561-scaled.jpg\" alt=\"Foto van de Natuur bij Boutique Hotel Beekhuizen\">\n                        <\/div>\n                    <\/div>\n                            <\/div>\n        <\/div>\n    <\/div>\n\n\n    <div  class=\"section section-image-content\">\n        <div class=\"container\">\n                            <div class=\"image-content-intro components-intro has-no-padding-left\">\n                    <h2>Ontspanning en Genot bij Boutique Hotel Beekhuizen<\/h2>\n<p>&nbsp;<\/p>\n                <\/div>\n                        <div class=\"image-content\">\n                <div class=\"content\">\n                    <div class=\"content-inner\">\n                                                    <p>Na een dag vol avontuur en verkenning keer je terug naar Boutique Hotel Beekhuizen om te ontspannen en te genieten van onze luxe faciliteiten. Begin met een verfrissend drankje in onze Honesty Bar, waar je zelf kunt bijhouden wat je nuttigt. Probeer tijdens jouw weekendje weg op de Veluwe onze selectie van luxe koffie, thee, verrassende wijnen, lokale bieren, alcoholvrije dranken, gekoelde snacks en diverse andere lokale producten. Voor het diner kun je terecht in een van de omliggende restaurants en geniet je van heerlijke culinaire hoogstandjes.<\/p>\n<h2>Reserveer jouw weekendje weg op de Veluwe<\/h2>\n<p>Bij Boutique Hotel Beekhuizen maken we het eenvoudig om jouw <em>weekendje weg op de Veluwe<\/em> te reserveren. Via onze website kun je eenvoudig een accommodatie boeken die aan al jouw wensen voldoet.<\/p>\n<p>Mocht je nog vragen hebben of persoonlijk advies nodig hebben, neem dan gerust contact met ons op via +31 (0)26 20 20 122 of stuur ons een bericht via info@hotelbeekhuizen.nl. Ons team staat klaar om je te helpen en je warm te verwelkomen in ons hotel.<\/p>\n                        \n                                                    <div class=\"button-holder\">\n                                <a href=\"https:\/\/hotelbeekhuizen.nl\/de\/unsere-zimmer\/\" target=\"_self\" class=\"button\">Buchen Sie Ihren Aufenthalt<\/a>\n                            <\/div>\n                                            <\/div>\n                <\/div>\n\n                                    <div class=\"image\">\n                        <div class=\"image-wrapper\">\n                            <img decoding=\"async\" src=\"https:\/\/hotelbeekhuizen.nl\/app\/uploads\/2024\/06\/538407931.jpg\" alt=\"Weekendje weg Veluwe Boutique Hotel Beekhuizen\">\n                        <\/div>\n                    <\/div>\n                            <\/div>\n        <\/div>\n    <\/div>\n\n\n    <div  class=\"section section-rooms-slider\">\n        <div class=\"container\">\n                            <div class=\"rooms-slider-intro components-intro\">\n                    <h2>Unsere Zimmer<\/h2>\n<h4>En kom de omgeving ontdekken<\/h4>\n                <\/div>\n            \n                            <div class=\"rooms-slider-wrapper\">\n                    <div class=\"swiper-actions\">\n                        <div class=\"swiper-pagination rooms-slider-pagination\"><\/div>\n                        <div class=\"swiper-controls\">\n                            <div class=\"control prev rooms-slider-prev\"><i class=\"fa-solid fa-chevron-left\"><\/i><\/div>\n                            <div class=\"control next rooms-slider-next\"><i class=\"fa-solid fa-chevron-right\"><\/i><\/div>\n                        <\/div>\n                    <\/div>\n                    <div class=\"rooms-slider swiper\">\n                        <div class=\"swiper-wrapper\">\n                                                            <div class=\"swiper-slide card\">\n                                                                            <div class=\"card-image\">\n                                            <img decoding=\"async\" src=\"https:\/\/hotelbeekhuizen.nl\/app\/uploads\/2024\/04\/hotel-beekhuizen-Suite-Living-min-scaled.jpg\"\n                                                alt=\"Suite\" \/>\n                                        <\/div>\n                                                                        <div class=\"card-content\">\n                                        <div class=\"inner\">\n                                            <h3>Suite<\/h3>\n                                                                                            <p>Luxuri\u00f6se und ger\u00e4umige Suite, mit Jacuzzi im Badezimmer und einer Terrasse mit Blick auf den Wald.<\/p>\n                                            \n                                            <div class=\"button-holder\">\n                                                <a class=\"button ghost\" href=\"https:\/\/hotelbeekhuizen.nl\/de\/kamers\/suite\/\">Mehr Informationen<\/a>\n\n                                                                                                        <a href=\"https:\/\/hotelbeekhuizen.nl\/de\/kamers\/suite\/\" class=\"button\">Verf\u00fcgbarkeit pr\u00fcfen<\/a>\n                                                                                                                                                <\/div>\n                                        <\/div>\n                                    <\/div>\n                                <\/div>\n                                                            <div class=\"swiper-slide card\">\n                                                                            <div class=\"card-image\">\n                                            <img decoding=\"async\" src=\"https:\/\/hotelbeekhuizen.nl\/app\/uploads\/2024\/04\/hotel-beekhuizen-Loft13-1eangle-min-2-scaled.jpg\"\n                                                alt=\"Loft junior suite\" \/>\n                                        <\/div>\n                                                                        <div class=\"card-content\">\n                                        <div class=\"inner\">\n                                            <h3>Loft junior suite<\/h3>\n                                                                                            <p>Atmosph\u00e4rische Loft mit \u00fcberraschendes Badezimmer und stylischer Innenausstattung.<\/p>\n                                            \n                                            <div class=\"button-holder\">\n                                                <a class=\"button ghost\" href=\"https:\/\/hotelbeekhuizen.nl\/de\/kamers\/loft-junior-suite\/\">Mehr Informationen<\/a>\n\n                                                                                                        <a href=\"https:\/\/hotelbeekhuizen.nl\/de\/kamers\/loft-junior-suite\/\" class=\"button\">Verf\u00fcgbarkeit pr\u00fcfen<\/a>\n                                                                                                                                                <\/div>\n                                        <\/div>\n                                    <\/div>\n                                <\/div>\n                                                            <div class=\"swiper-slide card\">\n                                                                            <div class=\"card-image\">\n                                            <img decoding=\"async\" src=\"https:\/\/hotelbeekhuizen.nl\/app\/uploads\/2024\/04\/hotel-beekhuizen-Kamer5-Overview-min-2-scaled.jpg\"\n                                                alt=\"Junior Suite mit Terrasse\" \/>\n                                        <\/div>\n                                                                        <div class=\"card-content\">\n                                        <div class=\"inner\">\n                                            <h3>Junior Suite mit Terrasse<\/h3>\n                                                                                            <p>Ger\u00e4umige und luxuri\u00f6se Junior Suite mit immer wieder \u00fcberraschender Interieurs und einzigartiges Badezimmer.<\/p>\n                                            \n                                            <div class=\"button-holder\">\n                                                <a class=\"button ghost\" href=\"https:\/\/hotelbeekhuizen.nl\/de\/kamers\/junior-suite-met-terras\/\">Mehr Informationen<\/a>\n\n                                                                                                        <a href=\"https:\/\/hotelbeekhuizen.nl\/de\/kamers\/junior-suite-met-terras\/\" class=\"button\">Verf\u00fcgbarkeit pr\u00fcfen<\/a>\n                                                                                                                                                <\/div>\n                                        <\/div>\n                                    <\/div>\n                                <\/div>\n                                                    <\/div>\n                    <\/div>\n                <\/div>\n                    <\/div>\n    <\/div>","protected":false},"excerpt":{"rendered":"","protected":false},"author":4,"featured_media":0,"parent":0,"menu_order":59,"comment_status":"closed","ping_status":"closed","template":"","meta":{"_acf_changed":false,"footnotes":""},"class_list":["post-2341","page","type-page","status-publish","hentry"],"acf":[],"_links":{"self":[{"href":"https:\/\/hotelbeekhuizen.nl\/de\/wp-json\/wp\/v2\/pages\/2341","targetHints":{"allow":["GET"]}}],"collection":[{"href":"https:\/\/hotelbeekhuizen.nl\/de\/wp-json\/wp\/v2\/pages"}],"about":[{"href":"https:\/\/hotelbeekhuizen.nl\/de\/wp-json\/wp\/v2\/types\/page"}],"author":[{"embeddable":true,"href":"https:\/\/hotelbeekhuizen.nl\/de\/wp-json\/wp\/v2\/users\/4"}],"replies":[{"embeddable":true,"href":"https:\/\/hotelbeekhuizen.nl\/de\/wp-json\/wp\/v2\/comments?post=2341"}],"version-history":[{"count":9,"href":"https:\/\/hotelbeekhuizen.nl\/de\/wp-json\/wp\/v2\/pages\/2341\/revisions"}],"predecessor-version":[{"id":3986,"href":"https:\/\/hotelbeekhuizen.nl\/de\/wp-json\/wp\/v2\/pages\/2341\/revisions\/3986"}],"wp:attachment":[{"href":"https:\/\/hotelbeekhuizen.nl\/de\/wp-json\/wp\/v2\/media?parent=2341"}],"curies":[{"name":"wp","href":"https:\/\/api.w.org\/{rel}","templated":true}]}}