{"id":2332,"date":"2024-06-20T11:41:38","date_gmt":"2024-06-20T09:41:38","guid":{"rendered":"https:\/\/hotelbeekhuizen.nl\/?page_id=2332"},"modified":"2026-01-06T13:51:42","modified_gmt":"2026-01-06T12:51:42","slug":"luxe-overnachten-op-de-veluwe","status":"publish","type":"page","link":"https:\/\/hotelbeekhuizen.nl\/de\/luxe-overnachten-op-de-veluwe\/","title":{"rendered":"Luxe Overnachten Veluwe"},"content":{"rendered":"<div  class=\"section section-pageheader-detail has-no-padding-bottom-d  is-default\">\n                    <div class=\"pageheader-socials\">\n                <div class=\"pageheader-socials-wrapper\">\n                                            <div class=\"social\">\n                            <a href=\"https:\/\/www.instagram.com\/boutique.hotel.beekhuizen\" target=\"_blank\" rel=\"noopener\">\n                                <i class=\"fa-brands fa-instagram\"><\/i>\n                            <\/a>\n                        <\/div>\n                                            <div class=\"social\">\n                            <a href=\"https:\/\/www.facebook.com\/boutiquehotelbeekhuizen\" target=\"_blank\" rel=\"noopener\">\n                                <i class=\"fa-brands fa-facebook-square\"><\/i>\n                            <\/a>\n                        <\/div>\n                                            <div class=\"social\">\n                            <a href=\"https:\/\/www.youtube.com\/@boutiquehotelbeekhuizen\" target=\"_blank\" rel=\"noopener\">\n                                <i class=\"fa-brands fa-youtube\"><\/i>\n                            <\/a>\n                        <\/div>\n                                            <div class=\"social\">\n                            <a href=\"https:\/\/nl.pinterest.com\/0cb4k1uauoayh3ca66blc61apq0hk7\/\" target=\"_blank\" rel=\"noopener\">\n                                <i class=\"fa-brands fa-pinterest\"><\/i>\n                            <\/a>\n                        <\/div>\n                                            <div class=\"social\">\n                            <a href=\"https:\/\/www.linkedin.com\/company\/37197991\/admin\/feed\/posts\/\" target=\"_blank\" rel=\"noopener\">\n                                <i class=\"fa-brands fa-linkedin-in\"><\/i>\n                            <\/a>\n                        <\/div>\n                                    <\/div>\n            <\/div>\n                <div class=\"pageheader-detail-wrapper\">\n            <div class=\"pageheader-detail\">\n                                    <img decoding=\"async\" src=\"https:\/\/hotelbeekhuizen.nl\/app\/uploads\/2024\/05\/Beekhuizen-3-augustus-2021-Studio-Charissa-13-1-scaled.jpg\" alt=\"Last minute Weekendje weg in Gelderland Hotel Beekhuizen\"\n                         class=\"background-image\">\n                \n                                <div class=\"pageheader-overlay\"><\/div>\n                <div class=\"pageheader-content\">\n                    <div class=\"pageheader-breadcrumbs\">\n                        <ul><li><a href=\"https:\/\/hotelbeekhuizen.nl\/de\" class=\"breadcrumb-item active\">Startseite<\/a><\/li><li class=\"separator\">><\/li><li class=\"breadcrumb-item\">Luxe Overnachten Veluwe<\/li><\/ul>                    <\/div>\n\n                                            <div class=\"pageheader-content-wrapper\">\n                            <h2>Luxe Overnachten op de Veluwe<\/h2>\n\n                                                    <\/div>\n                    \n                                    <\/div>\n\n                                                                <\/div>\n        <\/div>\n                    <\/div>\n\n\n\n    <div  class=\"section section-image-content has-no-padding-top-d\">\n        <div class=\"container\">\n                            <div class=\"image-content-intro components-intro has-no-padding-left\">\n                    <h2>Ontspannen in luxe<\/h2>\n                <\/div>\n                        <div class=\"image-content\">\n                <div class=\"content\">\n                    <div class=\"content-inner\">\n                                                    <p>Luxe overnachten op de Veluwe, of voor langere tijd luxe overnachten op de Veluwe? Bij Boutique Hotel Beekhuizen geniet je volop in alle luxe, midden in de prachtige natuur van <a href=\"https:\/\/www.natuurmonumenten.nl\/bezoekerscentrum-veluwezoom\" target=\"_blank\" rel=\"noopener\">Nationaal Park Veluwezoo<\/a>m. Onze luxe <a href=\"https:\/\/hotelbeekhuizen.nl\/de\/unsere-zimmer\/\">hotelkamers<\/a> zijn rustig gelegen en ruim, en zijn bovendien stijlvol \u00e9n sfeervol ingericht net zoals de andere fijne zitruimtes. Compleet met Wi-Fi en airconditioning, zijn onze suites de ideale uitvalsbasis om een heerlijk <a href=\"https:\/\/hotelbeekhuizen.nl\/de\/romantisch-luxe-weekend-weg\/\">l<\/a><a href=\"https:\/\/hotelbeekhuizen.nl\/de\/romantisch-luxe-weekend-weg\/\">uxe weekendje weg<\/a> of een onvergetelijke vakantie door te brengen in eigen land!<\/p>\n<p>Bij Boutique Hotel Beekhuizen bieden we bijzondere suites in verschillende soorten en maten, stuk voor stuk van alle gemakken voorzien. Zo kun je slapen of uitrusten op de heerlijkste boxspringbedden, en genieten van een heerlijk verwenmoment in je eigen jacuzzi of regendouche. Met uitzicht op de prachtige groene omgeving kijk je je ogen uit! Passend bij het natuurlijke thema, hebben we ons rustieke hotel ook eco-friendly ingericht, met een knipoog naar de historie van de omgeving. Zo kun je bijvoorbeeld ook koninklijk overnachten met een van onze speciale arrangementen.<\/p>\n                        \n                                            <\/div>\n                <\/div>\n\n                                    <div class=\"image\">\n                        <div class=\"image-wrapper\">\n                            <img decoding=\"async\" src=\"https:\/\/hotelbeekhuizen.nl\/app\/uploads\/2024\/04\/Hotel_Beekhuizen_Keuken.jpg\" alt=\"Afbeelding van een keuken\">\n                        <\/div>\n                    <\/div>\n                            <\/div>\n        <\/div>\n    <\/div>\n\n\n    <div  class=\"section section-image-content\">\n        <div class=\"container\">\n                            <div class=\"image-content-intro components-intro has-no-padding-left\">\n                    <h2>Luxe weekendje weg op de Veluwe<\/h2>\n                <\/div>\n                        <div class=\"image-content\">\n                <div class=\"content\">\n                    <div class=\"content-inner\">\n                                                    <p>Begin de dag goed en laat je verwennen met een heerlijk ontbijt in onze gezellige ontbijtruimte. Doorheen de dag kun je ook genieten van alle lekkernijen die te vinden zijn in onze <a href=\"https:\/\/hotelbeekhuizen.nl\/de\/faciliteit\/honestybar\/\">honesty bar<\/a>, of kun je natuurlijk zelf eropuit gaan om de omgeving te verkennen, zoals ook de prachtige stad Arnhem op nog geen 10 kilometer van ons hotel. Tenslotte kun je de avond fijn afsluiten met een glaasje wijn bij de houtkachel. Of je nu graag de stad verkent of je wil laten onderdompelen in de rustgevende natuur, er zijn genoeg manieren om te genieten van een <a href=\"https:\/\/hotelbeekhuizen.nl\/de\/weekendje-weg-veluwe\/\">weekendje weg<\/a> in de natuur\u00a0van de Veluwe!<\/p>\n<p>Enthousiast over ons hotel? Reserveer dan eenvoudig en snel online jouw vakantie of <em>luxe overnachting<\/em> in de Veluwe, en laat de voorpret alvast beginnen. Ben je benieuwd naar meer informatie over onze verschillende hotelkamers? Neem dan gerust contact met ons op via telefoon (+31 26 20 20 122) of e-mail (info@hotelbeekhuizen.nl).<\/p>\n                        \n                                                    <div class=\"button-holder\">\n                                <a href=\"https:\/\/hotelbeekhuizen.nl\/de\/unsere-zimmer\/\" target=\"_self\" class=\"button\">Buchen Sie Ihren Aufenthalt<\/a>\n                            <\/div>\n                                            <\/div>\n                <\/div>\n\n                                    <div class=\"image\">\n                        <div class=\"image-wrapper\">\n                            <img decoding=\"async\" src=\"https:\/\/hotelbeekhuizen.nl\/app\/uploads\/2024\/08\/Beekhuizen-11-maart-2024-Studio-Charissa-9-scaled.jpg\" alt=\"luxe overnachten op de Veluwe\">\n                        <\/div>\n                    <\/div>\n                            <\/div>\n        <\/div>\n    <\/div>\n\n\n    <div  class=\"section section-rooms-slider\">\n        <div class=\"container\">\n                            <div class=\"rooms-slider-intro components-intro\">\n                    <h2>Unsere Zimmer<\/h2>\n<h4>En kom de omgeving ontdekken<\/h4>\n                <\/div>\n            \n                            <div class=\"rooms-slider-wrapper\">\n                    <div class=\"swiper-actions\">\n                        <div class=\"swiper-pagination rooms-slider-pagination\"><\/div>\n                        <div class=\"swiper-controls\">\n                            <div class=\"control prev rooms-slider-prev\"><i class=\"fa-solid fa-chevron-left\"><\/i><\/div>\n                            <div class=\"control next rooms-slider-next\"><i class=\"fa-solid fa-chevron-right\"><\/i><\/div>\n                        <\/div>\n                    <\/div>\n                    <div class=\"rooms-slider swiper\">\n                        <div class=\"swiper-wrapper\">\n                                                            <div class=\"swiper-slide card\">\n                                                                            <div class=\"card-image\">\n                                            <img decoding=\"async\" src=\"https:\/\/hotelbeekhuizen.nl\/app\/uploads\/2024\/04\/hotel-beekhuizen-Suite-Living-min-scaled.jpg\"\n                                                alt=\"Suite\" \/>\n                                        <\/div>\n                                                                        <div class=\"card-content\">\n                                        <div class=\"inner\">\n                                            <h3>Suite<\/h3>\n                                                                                            <p>Luxuri\u00f6se und ger\u00e4umige Suite, mit Jacuzzi im Badezimmer und einer Terrasse mit Blick auf den Wald.<\/p>\n                                            \n                                            <div class=\"button-holder\">\n                                                <a class=\"button ghost\" href=\"https:\/\/hotelbeekhuizen.nl\/de\/kamers\/suite\/\">Mehr Informationen<\/a>\n\n                                                                                                        <a href=\"https:\/\/hotelbeekhuizen.nl\/de\/kamers\/suite\/\" class=\"button\">Verf\u00fcgbarkeit pr\u00fcfen<\/a>\n                                                                                                                                                <\/div>\n                                        <\/div>\n                                    <\/div>\n                                <\/div>\n                                                            <div class=\"swiper-slide card\">\n                                                                            <div class=\"card-image\">\n                                            <img decoding=\"async\" src=\"https:\/\/hotelbeekhuizen.nl\/app\/uploads\/2024\/04\/hotel-beekhuizen-Loft13-1eangle-min-2-scaled.jpg\"\n                                                alt=\"Loft junior suite\" \/>\n                                        <\/div>\n                                                                        <div class=\"card-content\">\n                                        <div class=\"inner\">\n                                            <h3>Loft junior suite<\/h3>\n                                                                                            <p>Atmosph\u00e4rische Loft mit \u00fcberraschendes Badezimmer und stylischer Innenausstattung.<\/p>\n                                            \n                                            <div class=\"button-holder\">\n                                                <a class=\"button ghost\" href=\"https:\/\/hotelbeekhuizen.nl\/de\/kamers\/loft-junior-suite\/\">Mehr Informationen<\/a>\n\n                                                                                                        <a href=\"https:\/\/hotelbeekhuizen.nl\/de\/kamers\/loft-junior-suite\/\" class=\"button\">Verf\u00fcgbarkeit pr\u00fcfen<\/a>\n                                                                                                                                                <\/div>\n                                        <\/div>\n                                    <\/div>\n                                <\/div>\n                                                            <div class=\"swiper-slide card\">\n                                                                            <div class=\"card-image\">\n                                            <img decoding=\"async\" src=\"https:\/\/hotelbeekhuizen.nl\/app\/uploads\/2024\/04\/hotel-beekhuizen-Kamer5-Overview-min-2-scaled.jpg\"\n                                                alt=\"Junior Suite mit Terrasse\" \/>\n                                        <\/div>\n                                                                        <div class=\"card-content\">\n                                        <div class=\"inner\">\n                                            <h3>Junior Suite mit Terrasse<\/h3>\n                                                                                            <p>Ger\u00e4umige und luxuri\u00f6se Junior Suite mit immer wieder \u00fcberraschender Interieurs und einzigartiges Badezimmer.<\/p>\n                                            \n                                            <div class=\"button-holder\">\n                                                <a class=\"button ghost\" href=\"https:\/\/hotelbeekhuizen.nl\/de\/kamers\/junior-suite-met-terras\/\">Mehr Informationen<\/a>\n\n                                                                                                        <a href=\"https:\/\/hotelbeekhuizen.nl\/de\/kamers\/junior-suite-met-terras\/\" class=\"button\">Verf\u00fcgbarkeit pr\u00fcfen<\/a>\n                                                                                                                                                <\/div>\n                                        <\/div>\n                                    <\/div>\n                                <\/div>\n                                                    <\/div>\n                    <\/div>\n                <\/div>\n                    <\/div>\n    <\/div>","protected":false},"excerpt":{"rendered":"","protected":false},"author":4,"featured_media":0,"parent":0,"menu_order":58,"comment_status":"closed","ping_status":"closed","template":"","meta":{"_acf_changed":false,"footnotes":""},"class_list":["post-2332","page","type-page","status-publish","hentry"],"acf":[],"_links":{"self":[{"href":"https:\/\/hotelbeekhuizen.nl\/de\/wp-json\/wp\/v2\/pages\/2332","targetHints":{"allow":["GET"]}}],"collection":[{"href":"https:\/\/hotelbeekhuizen.nl\/de\/wp-json\/wp\/v2\/pages"}],"about":[{"href":"https:\/\/hotelbeekhuizen.nl\/de\/wp-json\/wp\/v2\/types\/page"}],"author":[{"embeddable":true,"href":"https:\/\/hotelbeekhuizen.nl\/de\/wp-json\/wp\/v2\/users\/4"}],"replies":[{"embeddable":true,"href":"https:\/\/hotelbeekhuizen.nl\/de\/wp-json\/wp\/v2\/comments?post=2332"}],"version-history":[{"count":6,"href":"https:\/\/hotelbeekhuizen.nl\/de\/wp-json\/wp\/v2\/pages\/2332\/revisions"}],"predecessor-version":[{"id":3988,"href":"https:\/\/hotelbeekhuizen.nl\/de\/wp-json\/wp\/v2\/pages\/2332\/revisions\/3988"}],"wp:attachment":[{"href":"https:\/\/hotelbeekhuizen.nl\/de\/wp-json\/wp\/v2\/media?parent=2332"}],"curies":[{"name":"wp","href":"https:\/\/api.w.org\/{rel}","templated":true}]}}