{"id":1380,"date":"2024-05-27T12:39:21","date_gmt":"2024-05-27T10:39:21","guid":{"rendered":"https:\/\/hotelbeekhuizen.nl\/?page_id=1380"},"modified":"2024-12-18T08:38:12","modified_gmt":"2024-12-18T07:38:12","slug":"arnhem","status":"publish","type":"page","link":"https:\/\/hotelbeekhuizen.nl\/de\/arnhem\/","title":{"rendered":"Arnhem"},"content":{"rendered":"<div  class=\"section section-pageheader-detail has-no-padding-bottom-d  is-default\">\n                    <div class=\"pageheader-socials\">\n                <div class=\"pageheader-socials-wrapper\">\n                                            <div class=\"social\">\n                            <a href=\"https:\/\/www.instagram.com\/boutique.hotel.beekhuizen\" target=\"_blank\" rel=\"noopener\">\n                                <i class=\"fa-brands fa-instagram\"><\/i>\n                            <\/a>\n                        <\/div>\n                                            <div class=\"social\">\n                            <a href=\"https:\/\/www.facebook.com\/boutiquehotelbeekhuizen\" target=\"_blank\" rel=\"noopener\">\n                                <i class=\"fa-brands fa-facebook-square\"><\/i>\n                            <\/a>\n                        <\/div>\n                                            <div class=\"social\">\n                            <a href=\"https:\/\/www.youtube.com\/@boutiquehotelbeekhuizen\" target=\"_blank\" rel=\"noopener\">\n                                <i class=\"fa-brands fa-youtube\"><\/i>\n                            <\/a>\n                        <\/div>\n                                            <div class=\"social\">\n                            <a href=\"https:\/\/nl.pinterest.com\/0cb4k1uauoayh3ca66blc61apq0hk7\/\" target=\"_blank\" rel=\"noopener\">\n                                <i class=\"fa-brands fa-pinterest\"><\/i>\n                            <\/a>\n                        <\/div>\n                                            <div class=\"social\">\n                            <a href=\"https:\/\/www.linkedin.com\/company\/37197991\/admin\/feed\/posts\/\" target=\"_blank\" rel=\"noopener\">\n                                <i class=\"fa-brands fa-linkedin-in\"><\/i>\n                            <\/a>\n                        <\/div>\n                                    <\/div>\n            <\/div>\n                <div class=\"pageheader-detail-wrapper\">\n            <div class=\"pageheader-detail\">\n                                    <img decoding=\"async\" src=\"https:\/\/hotelbeekhuizen.nl\/app\/uploads\/2024\/05\/Arnhem-stad-unsplash-scaled.jpg\" alt=\"\"\n                         class=\"background-image\">\n                \n                                <div class=\"pageheader-overlay\"><\/div>\n                <div class=\"pageheader-content\">\n                    <div class=\"pageheader-breadcrumbs\">\n                        <ul><li><a href=\"https:\/\/hotelbeekhuizen.nl\/de\" class=\"breadcrumb-item active\">Startseite<\/a><\/li><li class=\"separator\">><\/li><li class=\"breadcrumb-item\">Arnhem<\/li><\/ul>                    <\/div>\n\n                                            <div class=\"pageheader-content-wrapper\">\n                            <h1>Arnhem<\/h1>\n<p>Lasse Dich \u00fcberraschen<\/p>\n\n                                                    <\/div>\n                    \n                                    <\/div>\n\n                                                                <\/div>\n        <\/div>\n                    <\/div>\n\n\n\n    <div  class=\"section section-image-content has-no-padding-top-d has-no-padding-bottom-d has-line has-line-left-full\">\n        <div class=\"container\">\n                            <div class=\"image-content-intro components-intro has-no-padding-left\">\n                    <h2>Vielseitige Stadt mit All\u00fcre<\/h2>\n<h4>Shopping, Mode, Kunst &amp; Kultur<\/h4>\n                <\/div>\n                        <div class=\"image-content\">\n                <div class=\"content\">\n                    <div class=\"content-inner\">\n                                                    <p>Lust auf Shoppen in der Stadt der Modeakademie? Das gem\u00fctliche Arnheim eignet sich perfekt daf\u00fcr. Arnheim ist eine gem\u00fctliche Einkaufsstadt mit einzigartigen Vierteln, wie dem Modekwartier, dem Musiskwartier und dem Eusebiuskwartier. \u00dcppige Parks, Kunst, Kultur, Museen, Concept Stores, historische Geb\u00e4ude und Konzerts\u00e4le bieten f\u00fcr jeden etwas. Solltest Du unterwegs an einer B\u00e4ckerei vorbeikommen, dann g\u00f6nne Dir die \"Arnheimer M\u00e4dchen\", eine fast zwei Jahrhunderte alte Delikatesse.<\/p>\n                        \n                                            <\/div>\n                <\/div>\n\n                                    <div class=\"image\">\n                        <div class=\"image-wrapper\">\n                            <img decoding=\"async\" src=\"https:\/\/hotelbeekhuizen.nl\/app\/uploads\/2024\/05\/7straatjes03-2.jpg\" alt=\"\">\n                        <\/div>\n                    <\/div>\n                            <\/div>\n        <\/div>\n    <\/div>\n\n\n    <div  class=\"section section-content-images-fancybox has-line has-line-left-full\">\n        <div class=\"container\">\n                            <div class=\"content-images-fancybox-intro components-intro has-no-padding-left\">\n                    <h2>Entdecke die Stadt Arnheim<\/h2>\n<h4>Von imposanten Geb\u00e4uden zum Sonsbeek Park<\/h4>\n                <\/div>\n            \n                            <div class=\"content-images-fancybox\">\n                    <div class=\"images-grid-holder\" data-fancybox-title=\"Arnhem\">\n                                                                                                            <div class=\"grid-item\">\n                                    <a href=\"https:\/\/hotelbeekhuizen.nl\/de\/app\/uploads\/2024\/05\/Arnhem-unsplash-scaled.jpg\/\" data-fancybox=\"grid-gallery\" data-type=\"image\" data-fancybox-title=\"Arnhem - unsplash\">\n                                        <img decoding=\"async\" src=\"https:\/\/hotelbeekhuizen.nl\/app\/uploads\/2024\/05\/Arnhem-unsplash-scaled.jpg\"\n                                             alt=\"\"\/>\n                                        <span class=\"fancybox-icon\">\n                                <i class=\"fa-solid fa-magnifying-glass magnifying-icon\"><\/i>\n                            <\/span>\n                                    <\/a>\n                                <\/div>\n                                                                                                                                            <div class=\"grid-item\">\n                                    <a href=\"https:\/\/hotelbeekhuizen.nl\/de\/app\/uploads\/2024\/05\/arnhem-unplash-1-scaled.jpg\/\" data-fancybox=\"grid-gallery\" data-type=\"image\" data-fancybox-title=\"arnhem - unplash\">\n                                        <img decoding=\"async\" src=\"https:\/\/hotelbeekhuizen.nl\/app\/uploads\/2024\/05\/arnhem-unplash-1-scaled.jpg\"\n                                             alt=\"\"\/>\n                                        <span class=\"fancybox-icon\">\n                                <i class=\"fa-solid fa-magnifying-glass magnifying-icon\"><\/i>\n                            <\/span>\n                                    <\/a>\n                                <\/div>\n                                                                                                                                            <div class=\"grid-item\">\n                                    <a href=\"https:\/\/hotelbeekhuizen.nl\/de\/app\/uploads\/2024\/05\/Arnhem-stad-unsplash-1-scaled.jpg\/\" data-fancybox=\"grid-gallery\" data-type=\"image\" data-fancybox-title=\"Arnhem stad - unsplash\">\n                                        <img decoding=\"async\" src=\"https:\/\/hotelbeekhuizen.nl\/app\/uploads\/2024\/05\/Arnhem-stad-unsplash-1-scaled.jpg\"\n                                             alt=\"\"\/>\n                                        <span class=\"fancybox-icon\">\n                                <i class=\"fa-solid fa-magnifying-glass magnifying-icon\"><\/i>\n                            <\/span>\n                                    <\/a>\n                                <\/div>\n                                                                                                                                            <div class=\"grid-item\">\n                                    <a href=\"https:\/\/hotelbeekhuizen.nl\/de\/app\/uploads\/2024\/05\/bart-ros-YxfsIgfHXsE-unsplash-1-scaled.jpg\/\" data-fancybox=\"grid-gallery\" data-type=\"image\" data-fancybox-title=\"bart-ros-YxfsIgfHXsE-unsplash\">\n                                        <img decoding=\"async\" src=\"https:\/\/hotelbeekhuizen.nl\/app\/uploads\/2024\/05\/bart-ros-YxfsIgfHXsE-unsplash-1-scaled.jpg\"\n                                             alt=\"\"\/>\n                                        <span class=\"fancybox-icon\">\n                                <i class=\"fa-solid fa-magnifying-glass magnifying-icon\"><\/i>\n                            <\/span>\n                                    <\/a>\n                                <\/div>\n                                                                                                    <\/div>\n                <\/div>\n                    <\/div>\n    <\/div>\n\n\n    <div  class=\"section section-rooms-slider has-line has-line-left-to-right has-line-right-full\">\n        <div class=\"container\">\n                            <div class=\"rooms-slider-intro components-intro\">\n                    <h2>Buche jetzt Deine Unterkunft<\/h2>\n<h4>Natur &amp; Stadt genie\u00dfen<\/h4>\n                <\/div>\n            \n                            <div class=\"rooms-slider-wrapper\">\n                    <div class=\"swiper-actions\">\n                        <div class=\"swiper-pagination rooms-slider-pagination\"><\/div>\n                        <div class=\"swiper-controls\">\n                            <div class=\"control prev rooms-slider-prev\"><i class=\"fa-solid fa-chevron-left\"><\/i><\/div>\n                            <div class=\"control next rooms-slider-next\"><i class=\"fa-solid fa-chevron-right\"><\/i><\/div>\n                        <\/div>\n                    <\/div>\n                    <div class=\"rooms-slider swiper\">\n                        <div class=\"swiper-wrapper\">\n                                                            <div class=\"swiper-slide card\">\n                                                                            <div class=\"card-image\">\n                                            <img decoding=\"async\" src=\"https:\/\/hotelbeekhuizen.nl\/app\/uploads\/2024\/04\/hotel-beekhuizen-Suite-Living-min-scaled.jpg\"\n                                                alt=\"Suite\" \/>\n                                        <\/div>\n                                                                        <div class=\"card-content\">\n                                        <div class=\"inner\">\n                                            <h3>Suite<\/h3>\n                                                                                            <p>Luxuri\u00f6se und ger\u00e4umige Suite, mit Jacuzzi im Badezimmer und einer Terrasse mit Blick auf den Wald.<\/p>\n                                            \n                                            <div class=\"button-holder\">\n                                                <a class=\"button ghost\" href=\"https:\/\/hotelbeekhuizen.nl\/de\/kamers\/suite\/\">Mehr Informationen<\/a>\n\n                                                                                                        <a href=\"https:\/\/hotelbeekhuizen.nl\/de\/kamers\/suite\/\" class=\"button\">Verf\u00fcgbarkeit pr\u00fcfen<\/a>\n                                                                                                                                                <\/div>\n                                        <\/div>\n                                    <\/div>\n                                <\/div>\n                                                            <div class=\"swiper-slide card\">\n                                                                            <div class=\"card-image\">\n                                            <img decoding=\"async\" src=\"https:\/\/hotelbeekhuizen.nl\/app\/uploads\/2024\/04\/hotel-beekhuizen-lodge-2-Living-min-1-scaled.jpg\"\n                                                alt=\"Lodge\" \/>\n                                        <\/div>\n                                                                        <div class=\"card-content\">\n                                        <div class=\"inner\">\n                                            <h3>Lodge<\/h3>\n                                                                                            <p>H\u00fcbsche 4-Bett-Lodge mit einer gem\u00fctlichen Terrasse und einem eigenen Einrichtungsstil.<\/p>\n                                            \n                                            <div class=\"button-holder\">\n                                                <a class=\"button ghost\" href=\"https:\/\/hotelbeekhuizen.nl\/de\/kamers\/lodge\/\">Mehr Informationen<\/a>\n\n                                                                                                        <a href=\"https:\/\/hotelbeekhuizen.nl\/de\/kamers\/lodge\/\" class=\"button\">Verf\u00fcgbarkeit pr\u00fcfen<\/a>\n                                                                                                                                                <\/div>\n                                        <\/div>\n                                    <\/div>\n                                <\/div>\n                                                            <div class=\"swiper-slide card\">\n                                                                            <div class=\"card-image\">\n                                            <img decoding=\"async\" src=\"https:\/\/hotelbeekhuizen.nl\/app\/uploads\/2024\/04\/hotel-beekhuizen-Loft13-1eangle-min-2-scaled.jpg\"\n                                                alt=\"Loft junior suite\" \/>\n                                        <\/div>\n                                                                        <div class=\"card-content\">\n                                        <div class=\"inner\">\n                                            <h3>Loft junior suite<\/h3>\n                                                                                            <p>Atmosph\u00e4rische Loft mit \u00fcberraschendes Badezimmer und stylischer Innenausstattung.<\/p>\n                                            \n                                            <div class=\"button-holder\">\n                                                <a class=\"button ghost\" href=\"https:\/\/hotelbeekhuizen.nl\/de\/kamers\/loft-junior-suite\/\">Mehr Informationen<\/a>\n\n                                                                                                        <a href=\"https:\/\/hotelbeekhuizen.nl\/de\/kamers\/loft-junior-suite\/\" class=\"button\">Verf\u00fcgbarkeit pr\u00fcfen<\/a>\n                                                                                                                                                <\/div>\n                                        <\/div>\n                                    <\/div>\n                                <\/div>\n                                                    <\/div>\n                    <\/div>\n                <\/div>\n                    <\/div>\n    <\/div>","protected":false},"excerpt":{"rendered":"","protected":false},"author":2,"featured_media":0,"parent":0,"menu_order":3,"comment_status":"closed","ping_status":"closed","template":"","meta":{"_acf_changed":false,"footnotes":""},"class_list":["post-1380","page","type-page","status-publish","hentry"],"acf":[],"_links":{"self":[{"href":"https:\/\/hotelbeekhuizen.nl\/de\/wp-json\/wp\/v2\/pages\/1380","targetHints":{"allow":["GET"]}}],"collection":[{"href":"https:\/\/hotelbeekhuizen.nl\/de\/wp-json\/wp\/v2\/pages"}],"about":[{"href":"https:\/\/hotelbeekhuizen.nl\/de\/wp-json\/wp\/v2\/types\/page"}],"author":[{"embeddable":true,"href":"https:\/\/hotelbeekhuizen.nl\/de\/wp-json\/wp\/v2\/users\/2"}],"replies":[{"embeddable":true,"href":"https:\/\/hotelbeekhuizen.nl\/de\/wp-json\/wp\/v2\/comments?post=1380"}],"version-history":[{"count":5,"href":"https:\/\/hotelbeekhuizen.nl\/de\/wp-json\/wp\/v2\/pages\/1380\/revisions"}],"predecessor-version":[{"id":1840,"href":"https:\/\/hotelbeekhuizen.nl\/de\/wp-json\/wp\/v2\/pages\/1380\/revisions\/1840"}],"wp:attachment":[{"href":"https:\/\/hotelbeekhuizen.nl\/de\/wp-json\/wp\/v2\/media?parent=1380"}],"curies":[{"name":"wp","href":"https:\/\/api.w.org\/{rel}","templated":true}]}}