{"id":1376,"date":"2024-05-27T12:38:27","date_gmt":"2024-05-27T10:38:27","guid":{"rendered":"https:\/\/hotelbeekhuizen.nl\/?page_id=1376"},"modified":"2024-12-18T10:05:02","modified_gmt":"2024-12-18T09:05:02","slug":"nationaal-park","status":"publish","type":"page","link":"https:\/\/hotelbeekhuizen.nl\/de\/nationaal-park\/","title":{"rendered":"Nationalpark"},"content":{"rendered":"<div  class=\"section section-pageheader-detail has-no-padding-bottom-d  is-default\">\n                    <div class=\"pageheader-socials\">\n                <div class=\"pageheader-socials-wrapper\">\n                                            <div class=\"social\">\n                            <a href=\"https:\/\/www.instagram.com\/boutique.hotel.beekhuizen\" target=\"_blank\" rel=\"noopener\">\n                                <i class=\"fa-brands fa-instagram\"><\/i>\n                            <\/a>\n                        <\/div>\n                                            <div class=\"social\">\n                            <a href=\"https:\/\/www.facebook.com\/boutiquehotelbeekhuizen\" target=\"_blank\" rel=\"noopener\">\n                                <i class=\"fa-brands fa-facebook-square\"><\/i>\n                            <\/a>\n                        <\/div>\n                                            <div class=\"social\">\n                            <a href=\"https:\/\/www.youtube.com\/@boutiquehotelbeekhuizen\" target=\"_blank\" rel=\"noopener\">\n                                <i class=\"fa-brands fa-youtube\"><\/i>\n                            <\/a>\n                        <\/div>\n                                            <div class=\"social\">\n                            <a href=\"https:\/\/nl.pinterest.com\/0cb4k1uauoayh3ca66blc61apq0hk7\/\" target=\"_blank\" rel=\"noopener\">\n                                <i class=\"fa-brands fa-pinterest\"><\/i>\n                            <\/a>\n                        <\/div>\n                                            <div class=\"social\">\n                            <a href=\"https:\/\/www.linkedin.com\/company\/37197991\/admin\/feed\/posts\/\" target=\"_blank\" rel=\"noopener\">\n                                <i class=\"fa-brands fa-linkedin-in\"><\/i>\n                            <\/a>\n                        <\/div>\n                                    <\/div>\n            <\/div>\n                <div class=\"pageheader-detail-wrapper\">\n            <div class=\"pageheader-detail\">\n                                    <img decoding=\"async\" src=\"https:\/\/hotelbeekhuizen.nl\/app\/uploads\/2024\/05\/17891241_xxl-scaled.jpg\" alt=\"\"\n                         class=\"background-image\">\n                \n                                <div class=\"pageheader-overlay\"><\/div>\n                <div class=\"pageheader-content\">\n                    <div class=\"pageheader-breadcrumbs\">\n                        <ul><li><a href=\"https:\/\/hotelbeekhuizen.nl\/de\" class=\"breadcrumb-item active\">Startseite<\/a><\/li><li class=\"separator\">><\/li><li class=\"breadcrumb-item\">Nationalpark<\/li><\/ul>                    <\/div>\n\n                                            <div class=\"pageheader-content-wrapper\">\n                            <h1>Veluwezoom Nationalpark<\/h1>\n<p>Unber\u00fchrte Sch\u00f6nheit genie\u00dfen<\/p>\n\n                                                    <\/div>\n                    \n                                    <\/div>\n\n                                                                <\/div>\n        <\/div>\n                    <\/div>\n\n\n\n    <div  class=\"section section-image-content has-no-padding-top-d has-no-padding-bottom-d has-line has-line-left-full\">\n        <div class=\"container\">\n                            <div class=\"image-content-intro components-intro has-no-padding-left\">\n                    <h2>Verliebt in die Natur<\/h2>\n<h4>Erkunde den ganzen Park<\/h4>\n                <\/div>\n                        <div class=\"image-content\">\n                <div class=\"content\">\n                    <div class=\"content-inner\">\n                                                    <p>Im Nationalpark Veluwezoom ist alles miteinander verbunden und in Balans, genau wie in unserem Hotel. Es wurde an alles gedacht und die Landschaft ist harmonisch. Du wirst Dich garantiert in diesen Nationalpark verlieben.<\/p>\n<p>\u00dcber 5.000 Hektar unber\u00fchrte W\u00e4lder, die darauf warten, von Dir entdeckt zu werden: zu Fu\u00df oder mit dem Fahrrad. Nirgendwo sonst in der Veluwe gibt es so viele H\u00fcgel wie hier. Wer das Mountainbike oder den Elektroroller bevorzugst, kann sich diese bei <a href=\"https:\/\/veluweactief.nl\/\" target=\"_blank\" rel=\"noopener\">Veluwe Actief<\/a>.<\/p>\n                        \n                                                    <div class=\"button-holder\">\n                                <a href=\"https:\/\/veluweactief.nl\/\" target=\"_blank\" class=\"button\" rel=\"noopener\">Veluweactief Verleih<\/a>\n                            <\/div>\n                                            <\/div>\n                <\/div>\n\n                                    <div class=\"image\">\n                        <div class=\"image-wrapper\">\n                            <img decoding=\"async\" src=\"https:\/\/hotelbeekhuizen.nl\/app\/uploads\/2024\/05\/MG_2636-scaled.jpg\" alt=\"\">\n                        <\/div>\n                    <\/div>\n                            <\/div>\n        <\/div>\n    <\/div>\n\n\n    <div  class=\"section section-cards-slider has-line has-line-left-full\">\n        <div class=\"container\">\n                            <div class=\"intro components-intro\">\n                    <h2>Unsere Tipps<\/h2>\n<h4>Entdecke den Veluwezoom<\/h4>\n<p>&nbsp;<\/p>\n                <\/div>\n                    <\/div>\n\n                    <div class=\"cards-slider-wrapper\">\n                <div class=\"swiper-actions\">\n                    <div class=\"swiper-pagination\"><\/div>\n                    <div class=\"swiper-controls\">\n                        <div class=\"control prev cards-prev\">\n                            <i class=\"fa-solid fa-chevron-left\"><\/i>\n                        <\/div>\n                        <div class=\"control next cards-next\">\n                            <i class=\"fa-solid fa-chevron-right\"><\/i>\n                        <\/div>\n                    <\/div>\n                <\/div>\n                <div class=\"cards-slider swiper\">\n                    <div class=\"swiper-wrapper\">\n                                                    <div class=\"swiper-slide card-slide\">\n                                <div class=\"card-slide-inner\">\n                                                                            <div class=\"card-slide-image\">\n                                            <img decoding=\"async\"\n                                                src=\"https:\/\/hotelbeekhuizen.nl\/app\/uploads\/2024\/06\/markus-spiske-oIipDrwKnKE-unsplash-scaled-e1717417868500.jpg\"\n                                                alt=\"\">\n                                        <\/div>\n                                                                        <div class=\"card-slide-content\">\n                                        <div class=\"card-slide-content-inner\">\n                                                                                            <h3>Mit Kindern in der Natur unterwegs<\/h3>\n<p>Nehme die Kleinen mit auf die Buggy-Route von OERRR! Dies ist ein kurzer Spaziergang zum Aussichtspunkt Herikhuizen. Unterwegs kommst Du am Schafstall vorbei und k\u00f6nnt ihr zusammen lustige Aufgaben l\u00f6sen. Ihr startet am Besucherzentrum.<\/p>\n<p>&nbsp;<\/p>\n                                            \n                                                                                            <div class=\"button-holder\">\n                                                    <a class=\"button white-open\" href=\"https:\/\/www.natuurmonumenten.nl\/natuurgebieden\/nationaal-park-veluwezoom\/route\/kinderen\/buggyroute-van-oerrr-veluwezoom\" target=\"_blank\" rel=\"noopener\">Diese Route ansehen<\/a>\n                                                <\/div>\n                                                                                    <\/div>\n                                    <\/div>\n                                <\/div>\n                            <\/div>\n                                                    <div class=\"swiper-slide card-slide\">\n                                <div class=\"card-slide-inner\">\n                                                                            <div class=\"card-slide-image\">\n                                            <img decoding=\"async\"\n                                                src=\"https:\/\/hotelbeekhuizen.nl\/app\/uploads\/2024\/06\/Wildzwijn-3.jpg\"\n                                                alt=\"\">\n                                        <\/div>\n                                                                        <div class=\"card-slide-content\">\n                                        <div class=\"card-slide-content-inner\">\n                                                                                            <h3>Nimm an einer Naturexkursion teil<\/h3>\n<p>Erkunde den Veluwezoom-Nationalpark in Begleitung eines Naturf\u00fchrers und gehe auf die Suche nach Rehen, Wildschweinen und anderen einheimischen Tieren. Die aktuellen Naturausfl\u00fcge findest Du im Kalender von Natuurmonumenten.<\/p>\n                                            \n                                                                                            <div class=\"button-holder\">\n                                                    <a class=\"button white-open\" href=\"https:\/\/www.natuurmonumenten.nl\/agenda?page=1&amp;locatie=N_281\" target=\"_blank\" rel=\"noopener\">Veranstaltungskalender ansehen<\/a>\n                                                <\/div>\n                                                                                    <\/div>\n                                    <\/div>\n                                <\/div>\n                            <\/div>\n                                                    <div class=\"swiper-slide card-slide\">\n                                <div class=\"card-slide-inner\">\n                                                                            <div class=\"card-slide-image\">\n                                            <img decoding=\"async\"\n                                                src=\"https:\/\/hotelbeekhuizen.nl\/app\/uploads\/2024\/04\/Beekhuizen-13-juni-2022-Studio-Charissa-23-2-scaled.jpg\"\n                                                alt=\"\">\n                                        <\/div>\n                                                                        <div class=\"card-slide-content\">\n                                        <div class=\"card-slide-content-inner\">\n                                                                                            <h3>Fietsroute Dieren Veluwezoom<\/h3>\n<p>Stap op de fiets en ontdek deze afwisselende route door mooie dorpjes, langs de IJssel en door de heuvels met vergezichten van de Veluwezoom. Onderweg zijn er verschillende mogelijkheden om uit te rusten onder het genot van een lekkere kop koffie.<\/p>\n                                            \n                                                                                            <div class=\"button-holder\">\n                                                    <a class=\"button white-open\" href=\"https:\/\/www.natuurmonumenten.nl\/natuurgebieden\/nationaal-park-veluwezoom\/route\/kinderen\/fietsroute-dieren-veluwezoom\" target=\"_blank\" rel=\"noopener\">Diese Route ansehen<\/a>\n                                                <\/div>\n                                                                                    <\/div>\n                                    <\/div>\n                                <\/div>\n                            <\/div>\n                                                    <div class=\"swiper-slide card-slide\">\n                                <div class=\"card-slide-inner\">\n                                                                            <div class=\"card-slide-image\">\n                                            <img decoding=\"async\"\n                                                src=\"https:\/\/hotelbeekhuizen.nl\/app\/uploads\/2024\/06\/axel-brunst-j9ILlnz2V70-unsplash-scaled-e1717418579783.jpg\"\n                                                alt=\"\">\n                                        <\/div>\n                                                                        <div class=\"card-slide-content\">\n                                        <div class=\"card-slide-content-inner\">\n                                                                                            <h3>Erkunde die Umgebung mit dem Mountainbike<\/h3>\n<p>Leihe Dir ein Mountainbike bei Veluweactief und mache Dich auf in die W\u00e4lder! Es gibt viele M\u00f6glichkeiten, die Gegend mit dem Mountainbike zu erkunden. Eine MTB-Route verl\u00e4uft im s\u00fcdlichen Teil \u00fcber den Stauchwall mit harten Anstiegen und langen nat\u00fcrlichen Abfahrten.<\/p>\n                                            \n                                                                                            <div class=\"button-holder\">\n                                                    <a class=\"button white-open\" href=\"https:\/\/www.natuurmonumenten.nl\/natuurgebieden\/nationaal-park-veluwezoom\/route\/mtb-route-veluwezoom\" target=\"_blank\" rel=\"noopener\">Ansicht der MTB-Route<\/a>\n                                                <\/div>\n                                                                                    <\/div>\n                                    <\/div>\n                                <\/div>\n                            <\/div>\n                                                    <div class=\"swiper-slide card-slide\">\n                                <div class=\"card-slide-inner\">\n                                                                            <div class=\"card-slide-image\">\n                                            <img decoding=\"async\"\n                                                src=\"https:\/\/hotelbeekhuizen.nl\/app\/uploads\/2024\/06\/kira-laktionov-CIrwydcHv3E-unsplash-scaled.jpg\"\n                                                alt=\"\">\n                                        <\/div>\n                                                                        <div class=\"card-slide-content\">\n                                        <div class=\"card-slide-content-inner\">\n                                                                                            <h3>Lappendeken-Wanderweg<\/h3>\n<p>Die Lappendeken-Wanderroute im Veluwezoom-Nationalpark ist eine wundersch\u00f6ne Tour. Diese Wanderung verdankt ihren Namen den stattlichen Buchenalleen und alten Feldern, die die Landschaft fr\u00fcher wie einen Flickenteppich aussehen lie\u00dfen.<\/p>\n                                            \n                                                                                            <div class=\"button-holder\">\n                                                    <a class=\"button white-open\" href=\"https:\/\/www.natuurmonumenten.nl\/natuurgebieden\/nationaal-park-veluwezoom\/route\/wandelroute-lappendeken-carolinahoeve\" target=\"_blank\" rel=\"noopener\">Diese Route ansehen<\/a>\n                                                <\/div>\n                                                                                    <\/div>\n                                    <\/div>\n                                <\/div>\n                            <\/div>\n                                                    <div class=\"swiper-slide card-slide\">\n                                <div class=\"card-slide-inner\">\n                                                                            <div class=\"card-slide-image\">\n                                            <img decoding=\"async\"\n                                                src=\"https:\/\/hotelbeekhuizen.nl\/app\/uploads\/2024\/06\/kudde-426x320-1.jpg\"\n                                                alt=\"\">\n                                        <\/div>\n                                                                        <div class=\"card-slide-content\">\n                                        <div class=\"card-slide-content-inner\">\n                                                                                            <h3>Schafstall Rheden<\/h3>\n<p>Mitten im Wald liegt der Schafstall Rheden, wo Schafe der seltenen Rasse Veluws Heideschaf gehalten werden. Mache einen Spaziergang mit dem Sch\u00e4fer oder besuche die L\u00e4mmer im Fr\u00fchling. Der Schafstall ist auf jeden Fall einen Besuch wert!<\/p>\n                                            \n                                                                                            <div class=\"button-holder\">\n                                                    <a class=\"button white-open\" href=\"https:\/\/schaapskudde.nl\/\" target=\"_blank\" rel=\"noopener\">Mehr Informationen <\/a>\n                                                <\/div>\n                                                                                    <\/div>\n                                    <\/div>\n                                <\/div>\n                            <\/div>\n                                            <\/div>\n                <\/div>\n            <\/div>\n            <\/div>\n\n\n    <div  class=\"section section-rooms-slider has-line has-line-left-to-right has-line-right-full\">\n        <div class=\"container\">\n                            <div class=\"rooms-slider-intro components-intro\">\n                    <h2>Buche jetzt Deine Unterkunft<\/h2>\n<h4>und lasse Dich vom Nationalpark Veluwezoom \u00fcberraschen<\/h4>\n                <\/div>\n            \n                            <div class=\"rooms-slider-wrapper\">\n                    <div class=\"swiper-actions\">\n                        <div class=\"swiper-pagination rooms-slider-pagination\"><\/div>\n                        <div class=\"swiper-controls\">\n                            <div class=\"control prev rooms-slider-prev\"><i class=\"fa-solid fa-chevron-left\"><\/i><\/div>\n                            <div class=\"control next rooms-slider-next\"><i class=\"fa-solid fa-chevron-right\"><\/i><\/div>\n                        <\/div>\n                    <\/div>\n                    <div class=\"rooms-slider swiper\">\n                        <div class=\"swiper-wrapper\">\n                                                            <div class=\"swiper-slide card\">\n                                                                            <div class=\"card-image\">\n                                            <img decoding=\"async\" src=\"https:\/\/hotelbeekhuizen.nl\/app\/uploads\/2024\/04\/hotel-beekhuizen-lodge-2-Living-min-1-scaled.jpg\"\n                                                alt=\"Lodge\" \/>\n                                        <\/div>\n                                                                        <div class=\"card-content\">\n                                        <div class=\"inner\">\n                                            <h3>Lodge<\/h3>\n                                                                                            <p>H\u00fcbsche 4-Bett-Lodge mit einer gem\u00fctlichen Terrasse und einem eigenen Einrichtungsstil.<\/p>\n                                            \n                                            <div class=\"button-holder\">\n                                                <a class=\"button ghost\" href=\"https:\/\/hotelbeekhuizen.nl\/de\/kamers\/lodge\/\">Mehr Informationen<\/a>\n\n                                                                                                        <a href=\"https:\/\/hotelbeekhuizen.nl\/de\/kamers\/lodge\/\" class=\"button\">Verf\u00fcgbarkeit pr\u00fcfen<\/a>\n                                                                                                                                                <\/div>\n                                        <\/div>\n                                    <\/div>\n                                <\/div>\n                                                            <div class=\"swiper-slide card\">\n                                                                            <div class=\"card-image\">\n                                            <img decoding=\"async\" src=\"https:\/\/hotelbeekhuizen.nl\/app\/uploads\/2024\/04\/hotel-beekhuizen-Suite-Living-min-scaled.jpg\"\n                                                alt=\"Suite\" \/>\n                                        <\/div>\n                                                                        <div class=\"card-content\">\n                                        <div class=\"inner\">\n                                            <h3>Suite<\/h3>\n                                                                                            <p>Luxuri\u00f6se und ger\u00e4umige Suite, mit Jacuzzi im Badezimmer und einer Terrasse mit Blick auf den Wald.<\/p>\n                                            \n                                            <div class=\"button-holder\">\n                                                <a class=\"button ghost\" href=\"https:\/\/hotelbeekhuizen.nl\/de\/kamers\/suite\/\">Mehr Informationen<\/a>\n\n                                                                                                        <a href=\"https:\/\/hotelbeekhuizen.nl\/de\/kamers\/suite\/\" class=\"button\">Verf\u00fcgbarkeit pr\u00fcfen<\/a>\n                                                                                                                                                <\/div>\n                                        <\/div>\n                                    <\/div>\n                                <\/div>\n                                                            <div class=\"swiper-slide card\">\n                                                                            <div class=\"card-image\">\n                                            <img decoding=\"async\" src=\"https:\/\/hotelbeekhuizen.nl\/app\/uploads\/2024\/04\/hotel-beekhuizen-Kamer5-Overview-min-2-scaled.jpg\"\n                                                alt=\"Junior Suite mit Terrasse\" \/>\n                                        <\/div>\n                                                                        <div class=\"card-content\">\n                                        <div class=\"inner\">\n                                            <h3>Junior Suite mit Terrasse<\/h3>\n                                                                                            <p>Ger\u00e4umige und luxuri\u00f6se Junior Suite mit immer wieder \u00fcberraschender Interieurs und einzigartiges Badezimmer.<\/p>\n                                            \n                                            <div class=\"button-holder\">\n                                                <a class=\"button ghost\" href=\"https:\/\/hotelbeekhuizen.nl\/de\/kamers\/junior-suite-met-terras\/\">Mehr Informationen<\/a>\n\n                                                                                                        <a href=\"https:\/\/hotelbeekhuizen.nl\/de\/kamers\/junior-suite-met-terras\/\" class=\"button\">Verf\u00fcgbarkeit pr\u00fcfen<\/a>\n                                                                                                                                                <\/div>\n                                        <\/div>\n                                    <\/div>\n                                <\/div>\n                                                    <\/div>\n                    <\/div>\n                <\/div>\n                    <\/div>\n    <\/div>","protected":false},"excerpt":{"rendered":"","protected":false},"author":2,"featured_media":0,"parent":0,"menu_order":23,"comment_status":"closed","ping_status":"closed","template":"","meta":{"_acf_changed":false,"footnotes":""},"class_list":["post-1376","page","type-page","status-publish","hentry"],"acf":[],"_links":{"self":[{"href":"https:\/\/hotelbeekhuizen.nl\/de\/wp-json\/wp\/v2\/pages\/1376","targetHints":{"allow":["GET"]}}],"collection":[{"href":"https:\/\/hotelbeekhuizen.nl\/de\/wp-json\/wp\/v2\/pages"}],"about":[{"href":"https:\/\/hotelbeekhuizen.nl\/de\/wp-json\/wp\/v2\/types\/page"}],"author":[{"embeddable":true,"href":"https:\/\/hotelbeekhuizen.nl\/de\/wp-json\/wp\/v2\/users\/2"}],"replies":[{"embeddable":true,"href":"https:\/\/hotelbeekhuizen.nl\/de\/wp-json\/wp\/v2\/comments?post=1376"}],"version-history":[{"count":5,"href":"https:\/\/hotelbeekhuizen.nl\/de\/wp-json\/wp\/v2\/pages\/1376\/revisions"}],"predecessor-version":[{"id":2476,"href":"https:\/\/hotelbeekhuizen.nl\/de\/wp-json\/wp\/v2\/pages\/1376\/revisions\/2476"}],"wp:attachment":[{"href":"https:\/\/hotelbeekhuizen.nl\/de\/wp-json\/wp\/v2\/media?parent=1376"}],"curies":[{"name":"wp","href":"https:\/\/api.w.org\/{rel}","templated":true}]}}